{"id":6872,"date":"2022-04-13T21:45:22","date_gmt":"2022-04-13T21:45:22","guid":{"rendered":"https:\/\/bakkeroilfieldsupply.nl\/wer-wir-sind\/"},"modified":"2024-11-07T08:40:45","modified_gmt":"2024-11-07T08:40:45","slug":"wer-wir-sind","status":"publish","type":"page","link":"https:\/\/bakkerflowservices.com\/de\/wer-wir-sind\/","title":{"rendered":"Wer wir sind"},"content":{"rendered":"\t\t<div data-elementor-type=\"wp-page\" data-elementor-id=\"6872\" class=\"elementor elementor-6872 elementor-63\" data-elementor-post-type=\"page\">\n\t\t\t\t\t\t<section class=\"elementor-section elementor-top-section elementor-element elementor-element-7bfb16b elementor-section-boxed elementor-section-height-default elementor-section-height-default\" data-id=\"7bfb16b\" data-element_type=\"section\" data-e-type=\"section\" data-settings=\"{&quot;background_background&quot;:&quot;classic&quot;,&quot;jet_parallax_layout_list&quot;:[]}\">\n\t\t\t\t\t\t<div class=\"elementor-container elementor-column-gap-default\">\n\t\t\t\t\t<div class=\"elementor-column elementor-col-100 elementor-top-column elementor-element elementor-element-22e65568\" data-id=\"22e65568\" data-element_type=\"column\" data-e-type=\"column\" data-settings=\"{&quot;background_background&quot;:&quot;classic&quot;}\">\n\t\t\t<div class=\"elementor-widget-wrap elementor-element-populated\">\n\t\t\t\t\t\t<div class=\"elementor-element elementor-element-2dbbbf9b elementor-widget elementor-widget-heading\" data-id=\"2dbbbf9b\" data-element_type=\"widget\" data-e-type=\"widget\" data-widget_type=\"heading.default\">\n\t\t\t\t<div class=\"elementor-widget-container\">\n\t\t\t\t\t<h2 class=\"elementor-heading-title elementor-size-default\">Unsere Geschichte<\/h2>\t\t\t\t<\/div>\n\t\t\t\t<\/div>\n\t\t\t\t\t<\/div>\n\t\t<\/div>\n\t\t\t\t\t<\/div>\n\t\t<\/section>\n\t\t\t\t<section class=\"elementor-section elementor-top-section elementor-element elementor-element-18bf399 inner-second-section elementor-section-boxed elementor-section-height-default elementor-section-height-default\" data-id=\"18bf399\" data-element_type=\"section\" data-e-type=\"section\" data-settings=\"{&quot;jet_parallax_layout_list&quot;:[]}\">\n\t\t\t\t\t\t<div class=\"elementor-container elementor-column-gap-default\">\n\t\t\t\t\t<div class=\"elementor-column elementor-col-100 elementor-top-column elementor-element elementor-element-fea39a2\" data-id=\"fea39a2\" data-element_type=\"column\" data-e-type=\"column\">\n\t\t\t<div class=\"elementor-widget-wrap elementor-element-populated\">\n\t\t\t\t\t\t<div class=\"elementor-element elementor-element-034b656 elementor-widget elementor-widget-text-editor\" data-id=\"034b656\" data-element_type=\"widget\" data-e-type=\"widget\" data-widget_type=\"text-editor.default\">\n\t\t\t\t<div class=\"elementor-widget-container\">\n\t\t\t\t\t\t\t\t\t<p data-pm-slice=\"1 1 []\">Im Laufe der Jahre haben wir uns zu einem bedeutenden Akteur auf dem Gebiet der Energiedienstleistungen entwickelt. Unser Weg ist gepr\u00e4gt von unserem Engagement f\u00fcr Zuverl\u00e4ssigkeit, Sicherheit, Qualit\u00e4t, Nachhaltigkeit und Flexibilit\u00e4t. Wir freuen uns darauf, diese Entwicklung gemeinsam mit unseren gesch\u00e4tzten Partnern und Kunden fortzusetzen.  <\/p>\n\t\t\t\t\t\t\t\t<\/div>\n\t\t\t\t<\/div>\n\t\t\t\t\t<\/div>\n\t\t<\/div>\n\t\t\t\t\t<\/div>\n\t\t<\/section>\n\t\t\t\t<section class=\"elementor-section elementor-top-section elementor-element elementor-element-71f6b06 jha-global elementor-section-boxed elementor-section-height-default elementor-section-height-default\" data-id=\"71f6b06\" data-element_type=\"section\" data-e-type=\"section\" data-settings=\"{&quot;jet_parallax_layout_list&quot;:[]}\">\n\t\t\t\t\t\t<div class=\"elementor-container elementor-column-gap-default\">\n\t\t\t\t\t<div class=\"elementor-column elementor-col-100 elementor-top-column elementor-element elementor-element-de6262b\" data-id=\"de6262b\" data-element_type=\"column\" data-e-type=\"column\">\n\t\t\t<div class=\"elementor-widget-wrap elementor-element-populated\">\n\t\t\t\t\t\t<div class=\"elementor-element elementor-element-d25df86 elementor-widget__width-initial time-line-change-place elementor-widget elementor-widget-jet-timeline\" data-id=\"d25df86\" data-element_type=\"widget\" data-e-type=\"widget\" data-widget_type=\"jet-timeline.default\">\n\t\t\t\t<div class=\"elementor-widget-container\">\n\t\t\t\t\t<div class=\"elementor-jet-timeline jet-elements\"><div class=\"jet-timeline jet-timeline--align-center jet-timeline--align-top\">\n\t<div class=\"jet-timeline__line\"><div class=\"jet-timeline__line-progress\"><\/div><\/div>\n\t<div class=\"jet-timeline-list\"><div class=\"jet-timeline-item  elementor-repeater-item-0404471 jet-timeline-item--image-inside\">\n\t<div class=\"timeline-item__card\">\n\t\t<div class=\"timeline-item__card-inner\">\n\t\t\t\t\t\t\t\t<div class=\"timeline-item__card-content\">\n\t\t\t\t\t<div class=\"timeline-item__meta\"><\/div><h5 class=\"timeline-item__card-title\">1948<\/h5><div class=\"timeline-item__card-desc\">Unsere Geschichte beginnt im Jahr 1948. In diesem Jahr beginnt die erste Generation von Hinke Bakker, auch \"Opa Bakker\" genannt, mit dem Aufkauf von Waren, darunter auch Eisen in Coevorden. <\/div>\t\t\t\t<\/div>\n\t\t\t\t\t\t<\/div>\n\t\t<div class=\"timeline-item__card-arrow\"><\/div>\n\t<\/div>\n\t<div class=\"timeline-item__point\"><div class=\"timeline-item__point-content timeline-item__point-content--text\">01<\/div><\/div><div class=\"timeline-item__meta\"><\/div><\/div><div class=\"jet-timeline-item  elementor-repeater-item-fe5294c jet-timeline-item--image-inside\">\n\t<div class=\"timeline-item__card\">\n\t\t<div class=\"timeline-item__card-inner\">\n\t\t\t\t\t\t\t\t<div class=\"timeline-item__card-content\">\n\t\t\t\t\t<div class=\"timeline-item__meta\"><\/div><h5 class=\"timeline-item__card-title\">1950<\/h5><div class=\"timeline-item__card-desc\">Die Entdeckung der \u00d6lfelder in Schoonebeek f\u00fchrte zur ersten Zusammenarbeit mit Unternehmen, die in der \u00d6l- und Gasindustrie t\u00e4tig waren. Ein Beinahe-Zusammensto\u00df von Opa Bakker und seinem Fahrrad mit einem Auto eines der beteiligten Unternehmen f\u00fchrte zu einem ersten Kontakt mit dieser Branche. Dies f\u00fchrte schlie\u00dflich zu mehreren Kooperationen, die bis heute andauern.  <\/div>\t\t\t\t<\/div>\n\t\t\t\t\t\t<\/div>\n\t\t<div class=\"timeline-item__card-arrow\"><\/div>\n\t<\/div>\n\t<div class=\"timeline-item__point\"><div class=\"timeline-item__point-content timeline-item__point-content--text\">02<\/div><\/div><div class=\"timeline-item__meta\"><\/div><\/div><div class=\"jet-timeline-item  elementor-repeater-item-f9242c9 jet-timeline-item--image-inside\">\n\t<div class=\"timeline-item__card\">\n\t\t<div class=\"timeline-item__card-inner\">\n\t\t\t\t\t\t\t\t<div class=\"timeline-item__card-content\">\n\t\t\t\t\t<div class=\"timeline-item__meta\"><\/div><h5 class=\"timeline-item__card-title\">1968<\/h5><div class=\"timeline-item__card-desc\">Im Jahr 1968 \u00fcbernehmen zwei S\u00f6hne das Unternehmen und f\u00fchren es unter dem Namen Gebr. Bakker weiter. Gro\u00dfvater Bakker bleibt bis zu seinem 80. Lebensjahr eng mit dem Unternehmen verbunden.  <\/div>\t\t\t\t<\/div>\n\t\t\t\t\t\t<\/div>\n\t\t<div class=\"timeline-item__card-arrow\"><\/div>\n\t<\/div>\n\t<div class=\"timeline-item__point\"><div class=\"timeline-item__point-content timeline-item__point-content--text\">03<\/div><\/div><div class=\"timeline-item__meta\"><\/div><\/div><div class=\"jet-timeline-item  elementor-repeater-item-c1ac91a jet-timeline-item--image-inside\">\n\t<div class=\"timeline-item__card\">\n\t\t<div class=\"timeline-item__card-inner\">\n\t\t\t\t\t\t\t\t<div class=\"timeline-item__card-content\">\n\t\t\t\t\t<div class=\"timeline-item__meta\"><\/div><h5 class=\"timeline-item__card-title\">1984<\/h5><div class=\"timeline-item__card-desc\">Da sich das Unternehmen inmitten verschiedener \u00d6l- und Gasfelder befindet, steigt die Nachfrage des Marktes nach zus\u00e4tzlichen Dienstleistungen. Zum ersten Mal wird ein Nicht-Familienmitglied als Vorstandsmitglied eingestellt, um diese Expansion zu managen. <\/div>\t\t\t\t<\/div>\n\t\t\t\t\t\t<\/div>\n\t\t<div class=\"timeline-item__card-arrow\"><\/div>\n\t<\/div>\n\t<div class=\"timeline-item__point\"><div class=\"timeline-item__point-content timeline-item__point-content--text\">04<\/div><\/div><div class=\"timeline-item__meta\"><\/div><\/div><div class=\"jet-timeline-item  elementor-repeater-item-244cab8 jet-timeline-item--image-inside\">\n\t<div class=\"timeline-item__card\">\n\t\t<div class=\"timeline-item__card-inner\">\n\t\t\t\t\t\t\t\t<div class=\"timeline-item__card-content\">\n\t\t\t\t\t<div class=\"timeline-item__meta\"><\/div><h5 class=\"timeline-item__card-title\">1987<\/h5><div class=\"timeline-item__card-desc\">Bakker Oilfield Supply wird als neues Unternehmen gegr\u00fcndet. Eines seiner Standbeine ist die Vermietung von Teilen und Materialien f\u00fcr die \u00d6l- und Gasf\u00f6rderung. Infolge dieser Entwicklungen weitet das Unternehmen seine Aktivit\u00e4ten aus und richtet sich zunehmend auf technische Operationen aus. Die technischen Entwicklungen f\u00fchren auch zu einer weiteren Differenzierung der von den verschiedenen Unternehmen ausge\u00fcbten T\u00e4tigkeiten.   <\/div>\t\t\t\t<\/div>\n\t\t\t\t\t\t<\/div>\n\t\t<div class=\"timeline-item__card-arrow\"><\/div>\n\t<\/div>\n\t<div class=\"timeline-item__point\"><div class=\"timeline-item__point-content timeline-item__point-content--text\">05<\/div><\/div><div class=\"timeline-item__meta\"><\/div><\/div><div class=\"jet-timeline-item  elementor-repeater-item-8184b2c jet-timeline-item--image-inside\">\n\t<div class=\"timeline-item__card\">\n\t\t<div class=\"timeline-item__card-inner\">\n\t\t\t\t\t\t\t\t<div class=\"timeline-item__card-content\">\n\t\t\t\t\t<div class=\"timeline-item__meta\"><\/div><h5 class=\"timeline-item__card-title\">1991<\/h5><div class=\"timeline-item__card-desc\">Bakker Oilfield Supply erwirbt P. Boer &amp; Sons, ein Unternehmen, das verschiedene Montage- und Demontagearbeiten an Standorten durchf\u00fchrt. Zus\u00e4tzlich zu den 10 Mitarbeitern wird das Dienstleistungspaket von Bakker Oilfield Supply um die folgenden Aktivit\u00e4ten erweitert: <br><br>- Rollger\u00e4te zum Anheben von Bohrt\u00fcrmen und zum Transport zum n\u00e4chsten Bohrloch; <br>-bewegliche schalld\u00e4mpfende W\u00e4nde; <br>-Abteilung f\u00fcr Drahtleitungen.  <br><br>Im selben Jahr wird BOS Wireline Services gegr\u00fcndet. Diese Abteilung wird sp\u00e4ter ver\u00e4u\u00dfert. <\/div>\t\t\t\t<\/div>\n\t\t\t\t\t\t<\/div>\n\t\t<div class=\"timeline-item__card-arrow\"><\/div>\n\t<\/div>\n\t<div class=\"timeline-item__point\"><div class=\"timeline-item__point-content timeline-item__point-content--text\">06<\/div><\/div><div class=\"timeline-item__meta\"><\/div><\/div><div class=\"jet-timeline-item  elementor-repeater-item-2191e90 jet-timeline-item--image-inside\">\n\t<div class=\"timeline-item__card\">\n\t\t<div class=\"timeline-item__card-inner\">\n\t\t\t\t\t\t\t\t<div class=\"timeline-item__card-content\">\n\t\t\t\t\t<div class=\"timeline-item__meta\"><\/div><h5 class=\"timeline-item__card-title\">2013<\/h5><div class=\"timeline-item__card-desc\">Aufgrund des schnellen Wachstums und der Erweiterung der Produkte und Dienstleistungen von Bakker Oilfield Supply wurde der Standort am Stephensonweg zu klein. Es wurde beschlossen, ein neues B\u00fcro mit einer Werkstatt f\u00fcr Bakker Oilfield Supply am Hulteweg 10 in Coevorden zu bauen. Dies wird auch der Hauptsitz der Bakker Groep sein. Im Sommer 2013 wurde dieser Umzug Wirklichkeit und wurde in gro\u00dfem Stil gefeiert.   <\/div>\t\t\t\t<\/div>\n\t\t\t\t\t\t<\/div>\n\t\t<div class=\"timeline-item__card-arrow\"><\/div>\n\t<\/div>\n\t<div class=\"timeline-item__point\"><div class=\"timeline-item__point-content timeline-item__point-content--text\">07<\/div><\/div><div class=\"timeline-item__meta\"><\/div><\/div><div class=\"jet-timeline-item  elementor-repeater-item-cda45ed jet-timeline-item--image-inside\">\n\t<div class=\"timeline-item__card\">\n\t\t<div class=\"timeline-item__card-inner\">\n\t\t\t\t\t\t\t\t<div class=\"timeline-item__card-content\">\n\t\t\t\t\t<div class=\"timeline-item__meta\"><\/div><h5 class=\"timeline-item__card-title\">2019<\/h5><div class=\"timeline-item__card-desc\"><a href=\"https:\/\/scaves.nl\/\" target=\"_blank\" style=\"color:#3fae29\" rel=\"noopener\">SCAVES BV<\/a>, mit Sitz in Schoonebeek und spezialisiert auf Sicherheitstraining und Beratung, wird Teil von Bakker Oilfield Supply.<\/div>\t\t\t\t<\/div>\n\t\t\t\t\t\t<\/div>\n\t\t<div class=\"timeline-item__card-arrow\"><\/div>\n\t<\/div>\n\t<div class=\"timeline-item__point\"><div class=\"timeline-item__point-content timeline-item__point-content--text\">08<\/div><\/div><div class=\"timeline-item__meta\"><\/div><\/div><div class=\"jet-timeline-item  elementor-repeater-item-78e6c32 jet-timeline-item--image-inside\">\n\t<div class=\"timeline-item__card\">\n\t\t<div class=\"timeline-item__card-inner\">\n\t\t\t\t\t\t\t\t<div class=\"timeline-item__card-content\">\n\t\t\t\t\t<div class=\"timeline-item__meta\"><\/div><h5 class=\"timeline-item__card-title\">2023<\/h5><div class=\"timeline-item__card-desc\">Als Teil der Bakker Groep feiern wir unser 75-j\u00e4hriges Bestehen. Die aktuelle Gesch\u00e4ftsf\u00fchrung besteht aus Hinke Bakker und Frans Hagel. <\/div>\t\t\t\t<\/div>\n\t\t\t\t\t\t<\/div>\n\t\t<div class=\"timeline-item__card-arrow\"><\/div>\n\t<\/div>\n\t<div class=\"timeline-item__point\"><div class=\"timeline-item__point-content timeline-item__point-content--text\">09<\/div><\/div><div class=\"timeline-item__meta\"><\/div><\/div><\/div><\/div><\/div>\t\t\t\t<\/div>\n\t\t\t\t<\/div>\n\t\t\t\t\t<\/div>\n\t\t<\/div>\n\t\t\t\t\t<\/div>\n\t\t<\/section>\n\t\t\t\t<\/div>\n\t\t","protected":false},"excerpt":{"rendered":"<p>Unsere Geschichte Im Laufe der Jahre haben wir uns zu einem bedeutenden Akteur auf dem Gebiet der Energiedienstleistungen entwickelt. Unser Weg ist gepr\u00e4gt von unserem Engagement f\u00fcr Zuverl\u00e4ssigkeit, Sicherheit, Qualit\u00e4t, Nachhaltigkeit und Flexibilit\u00e4t. Wir freuen uns darauf, diese Entwicklung gemeinsam mit unseren gesch\u00e4tzten Partnern und Kunden fortzusetzen. 1948 Unsere Geschichte beginnt im Jahr 1948. In [&hellip;]<\/p>\n","protected":false},"author":1,"featured_media":8638,"parent":0,"menu_order":0,"comment_status":"closed","ping_status":"closed","template":"elementor_header_footer","meta":{"_acf_changed":false,"inline_featured_image":false,"footnotes":""},"class_list":["post-6872","page","type-page","status-publish","has-post-thumbnail","hentry"],"acf":[],"_links":{"self":[{"href":"https:\/\/bakkerflowservices.com\/de\/wp-json\/wp\/v2\/pages\/6872","targetHints":{"allow":["GET"]}}],"collection":[{"href":"https:\/\/bakkerflowservices.com\/de\/wp-json\/wp\/v2\/pages"}],"about":[{"href":"https:\/\/bakkerflowservices.com\/de\/wp-json\/wp\/v2\/types\/page"}],"author":[{"embeddable":true,"href":"https:\/\/bakkerflowservices.com\/de\/wp-json\/wp\/v2\/users\/1"}],"replies":[{"embeddable":true,"href":"https:\/\/bakkerflowservices.com\/de\/wp-json\/wp\/v2\/comments?post=6872"}],"version-history":[{"count":1,"href":"https:\/\/bakkerflowservices.com\/de\/wp-json\/wp\/v2\/pages\/6872\/revisions"}],"predecessor-version":[{"id":6876,"href":"https:\/\/bakkerflowservices.com\/de\/wp-json\/wp\/v2\/pages\/6872\/revisions\/6876"}],"wp:featuredmedia":[{"embeddable":true,"href":"https:\/\/bakkerflowservices.com\/de\/wp-json\/wp\/v2\/media\/8638"}],"wp:attachment":[{"href":"https:\/\/bakkerflowservices.com\/de\/wp-json\/wp\/v2\/media?parent=6872"}],"curies":[{"name":"wp","href":"https:\/\/api.w.org\/{rel}","templated":true}]}}