{"id":6893,"date":"2024-01-10T13:31:34","date_gmt":"2024-01-10T13:31:34","guid":{"rendered":"https:\/\/bakkeroilfieldsupply.nl\/neue-energie\/"},"modified":"2024-11-07T08:16:02","modified_gmt":"2024-11-07T08:16:02","slug":"neue-energie","status":"publish","type":"page","link":"https:\/\/bakkerflowservices.com\/de\/neue-energie\/","title":{"rendered":"Neue Energie"},"content":{"rendered":"\t\t<div data-elementor-type=\"wp-page\" data-elementor-id=\"6893\" class=\"elementor elementor-6893\" data-elementor-post-type=\"page\">\n\t\t\t\t\t\t<section class=\"elementor-section elementor-top-section elementor-element elementor-element-fa39c08 elementor-section-boxed elementor-section-height-default elementor-section-height-default\" data-id=\"fa39c08\" data-element_type=\"section\" data-e-type=\"section\" data-settings=\"{&quot;background_background&quot;:&quot;classic&quot;,&quot;jet_parallax_layout_list&quot;:[]}\">\n\t\t\t\t\t\t<div class=\"elementor-container elementor-column-gap-default\">\n\t\t\t\t\t<div class=\"elementor-column elementor-col-100 elementor-top-column elementor-element elementor-element-09d6d36\" data-id=\"09d6d36\" data-element_type=\"column\" data-e-type=\"column\" data-settings=\"{&quot;background_background&quot;:&quot;classic&quot;}\">\n\t\t\t<div class=\"elementor-widget-wrap elementor-element-populated\">\n\t\t\t\t\t\t\t<\/div>\n\t\t<\/div>\n\t\t\t\t\t<\/div>\n\t\t<\/section>\n\t\t\t\t<section class=\"elementor-section elementor-top-section elementor-element elementor-element-339c128 inner-second-section elementor-section-boxed elementor-section-height-default elementor-section-height-default\" data-id=\"339c128\" data-element_type=\"section\" data-e-type=\"section\" data-settings=\"{&quot;jet_parallax_layout_list&quot;:[]}\">\n\t\t\t\t\t\t<div class=\"elementor-container elementor-column-gap-default\">\n\t\t\t\t\t<div class=\"elementor-column elementor-col-50 elementor-top-column elementor-element elementor-element-61c12e7\" data-id=\"61c12e7\" data-element_type=\"column\" data-e-type=\"column\">\n\t\t\t<div class=\"elementor-widget-wrap elementor-element-populated\">\n\t\t\t\t\t\t<div class=\"elementor-element elementor-element-574b923 elementor-widget elementor-widget-heading\" data-id=\"574b923\" data-element_type=\"widget\" data-e-type=\"widget\" data-widget_type=\"heading.default\">\n\t\t\t\t<div class=\"elementor-widget-container\">\n\t\t\t\t\t<h2 class=\"elementor-heading-title elementor-size-default\">Ausger\u00fcstet f\u00fcr L\u00f6sungen:<br> Neue Energie<\/h2>\t\t\t\t<\/div>\n\t\t\t\t<\/div>\n\t\t\t\t\t<\/div>\n\t\t<\/div>\n\t\t\t\t<div class=\"elementor-column elementor-col-50 elementor-top-column elementor-element elementor-element-84b9afa\" data-id=\"84b9afa\" data-element_type=\"column\" data-e-type=\"column\">\n\t\t\t<div class=\"elementor-widget-wrap elementor-element-populated\">\n\t\t\t\t\t\t<div class=\"elementor-element elementor-element-9840b93 elementor-widget elementor-widget-text-editor\" data-id=\"9840b93\" data-element_type=\"widget\" data-e-type=\"widget\" data-widget_type=\"text-editor.default\">\n\t\t\t\t<div class=\"elementor-widget-container\">\n\t\t\t\t\t\t\t\t\t<p>Wir erkennen die dynamischen Ver\u00e4nderungen im Energiesektor und den Wandel hin zu nachhaltigen Praktiken. Wir sind stolz auf unser aktives Engagement in diesem sich entwickelnden Sektor, mit einem deutlichen Schwerpunkt auf der geothermischen Energie.   <\/p>\n<\/p>\n<p>Mit Blick auf die Zukunft sind wir offen f\u00fcr die Erforschung und Einbeziehung anderer neuer Energiequellen als Teil unseres Engagements f\u00fcr eine nachhaltigere und verantwortungsvollere Energiezukunft.<\/p>\n<\/p>\n<p>Entdecken Sie unsere neuen Energieinitiativen und erfahren Sie, wie wir die Zukunft der Energie durch geothermische Innovationen gestalten.<\/p>\n\t\t\t\t\t\t\t\t<\/div>\n\t\t\t\t<\/div>\n\t\t\t\t\t<\/div>\n\t\t<\/div>\n\t\t\t\t\t<\/div>\n\t\t<\/section>\n\t\t\t\t<section class=\"elementor-section elementor-top-section elementor-element elementor-element-4306f87 jha-global-bottom elementor-section-boxed elementor-section-height-default elementor-section-height-default\" data-id=\"4306f87\" data-element_type=\"section\" data-e-type=\"section\" data-settings=\"{&quot;jet_parallax_layout_list&quot;:[]}\">\n\t\t\t\t\t\t<div class=\"elementor-container elementor-column-gap-default\">\n\t\t\t\t\t<div class=\"elementor-column elementor-col-100 elementor-top-column elementor-element elementor-element-fd5f97f\" data-id=\"fd5f97f\" data-element_type=\"column\" data-e-type=\"column\">\n\t\t\t<div class=\"elementor-widget-wrap elementor-element-populated\">\n\t\t\t\t\t\t<section class=\"elementor-section elementor-inner-section elementor-element elementor-element-a9105a6 elementor-section-boxed elementor-section-height-default elementor-section-height-default\" data-id=\"a9105a6\" data-element_type=\"section\" data-e-type=\"section\" data-settings=\"{&quot;jet_parallax_layout_list&quot;:[]}\">\n\t\t\t\t\t\t<div class=\"elementor-container elementor-column-gap-default\">\n\t\t\t\t\t<div class=\"elementor-column elementor-col-50 elementor-inner-column elementor-element elementor-element-fa836f5\" data-id=\"fa836f5\" data-element_type=\"column\" data-e-type=\"column\">\n\t\t\t<div class=\"elementor-widget-wrap elementor-element-populated\">\n\t\t\t\t\t\t<div class=\"elementor-element elementor-element-0b8ab0b goto-box-img elementor-widget elementor-widget-image\" data-id=\"0b8ab0b\" data-element_type=\"widget\" data-e-type=\"widget\" data-widget_type=\"image.default\">\n\t\t\t\t<div class=\"elementor-widget-container\">\n\t\t\t\t\t\t\t\t\t\t\t\t\t\t\t\t<a href=\"https:\/\/bakkerflowservices.com\/de\/geothermische-energie\/\">\n\t\t\t\t\t\t\t<img fetchpriority=\"high\" decoding=\"async\" width=\"1600\" height=\"1200\" src=\"https:\/\/bakkerflowservices.com\/wp-content\/uploads\/2024\/09\/Ontwerp-zonder-titel.png\" class=\"attachment-full size-full wp-image-6043\" alt=\"Geothermal services\" srcset=\"https:\/\/bakkerflowservices.com\/wp-content\/uploads\/2024\/09\/Ontwerp-zonder-titel.png 1600w, https:\/\/bakkerflowservices.com\/wp-content\/uploads\/2024\/09\/Ontwerp-zonder-titel-300x225.png 300w, https:\/\/bakkerflowservices.com\/wp-content\/uploads\/2024\/09\/Ontwerp-zonder-titel-1024x768.png 1024w, https:\/\/bakkerflowservices.com\/wp-content\/uploads\/2024\/09\/Ontwerp-zonder-titel-768x576.png 768w, https:\/\/bakkerflowservices.com\/wp-content\/uploads\/2024\/09\/Ontwerp-zonder-titel-1536x1152.png 1536w\" sizes=\"(max-width: 1600px) 100vw, 1600px\" \/>\t\t\t\t\t\t\t\t<\/a>\n\t\t\t\t\t\t\t\t\t\t\t\t\t\t\t<\/div>\n\t\t\t\t<\/div>\n\t\t\t\t<div class=\"elementor-element elementor-element-63c18f2 elementor-widget__width-initial elementor-widget elementor-widget-heading\" data-id=\"63c18f2\" data-element_type=\"widget\" data-e-type=\"widget\" data-widget_type=\"heading.default\">\n\t\t\t\t<div class=\"elementor-widget-container\">\n\t\t\t\t\t<h2 class=\"elementor-heading-title elementor-size-default\"><a href=\"https:\/\/bakkerflowservices.com\/de\/geothermische-energie\/\">Geothermische Energie<\/a><\/h2>\t\t\t\t<\/div>\n\t\t\t\t<\/div>\n\t\t\t\t<div class=\"elementor-element elementor-element-4f39944 elementor-align-right elementor-widget__width-initial elementor-widget elementor-widget-button\" data-id=\"4f39944\" data-element_type=\"widget\" data-e-type=\"widget\" data-widget_type=\"button.default\">\n\t\t\t\t<div class=\"elementor-widget-container\">\n\t\t\t\t\t\t\t\t\t<div class=\"elementor-button-wrapper\">\n\t\t\t\t\t<a class=\"elementor-button elementor-button-link elementor-size-sm\" href=\"https:\/\/bakkerflowservices.com\/de\/geothermische-energie\/\">\n\t\t\t\t\t\t<span class=\"elementor-button-content-wrapper\">\n\t\t\t\t\t\t\t\t\t<span class=\"elementor-button-text\">Mehr erfahren<\/span>\n\t\t\t\t\t<\/span>\n\t\t\t\t\t<\/a>\n\t\t\t\t<\/div>\n\t\t\t\t\t\t\t\t<\/div>\n\t\t\t\t<\/div>\n\t\t\t\t\t<\/div>\n\t\t<\/div>\n\t\t\t\t<div class=\"elementor-column elementor-col-50 elementor-inner-column elementor-element elementor-element-a9e5c90\" data-id=\"a9e5c90\" data-element_type=\"column\" data-e-type=\"column\">\n\t\t\t<div class=\"elementor-widget-wrap\">\n\t\t\t\t\t\t\t<\/div>\n\t\t<\/div>\n\t\t\t\t\t<\/div>\n\t\t<\/section>\n\t\t\t\t\t<\/div>\n\t\t<\/div>\n\t\t\t\t\t<\/div>\n\t\t<\/section>\n\t\t\t\t<\/div>\n\t\t","protected":false},"excerpt":{"rendered":"<p>Ausger\u00fcstet f\u00fcr L\u00f6sungen: Neue Energie Wir erkennen die dynamischen Ver\u00e4nderungen im Energiesektor und den Wandel hin zu nachhaltigen Praktiken. Wir sind stolz auf unser aktives Engagement in diesem sich entwickelnden Sektor, mit einem deutlichen Schwerpunkt auf der geothermischen Energie. Mit Blick auf die Zukunft sind wir offen f\u00fcr die Erforschung und Einbeziehung anderer neuer Energiequellen [&hellip;]<\/p>\n","protected":false},"author":1,"featured_media":0,"parent":0,"menu_order":0,"comment_status":"closed","ping_status":"closed","template":"","meta":{"_acf_changed":false,"inline_featured_image":false,"footnotes":""},"class_list":["post-6893","page","type-page","status-publish","hentry"],"acf":[],"_links":{"self":[{"href":"https:\/\/bakkerflowservices.com\/de\/wp-json\/wp\/v2\/pages\/6893","targetHints":{"allow":["GET"]}}],"collection":[{"href":"https:\/\/bakkerflowservices.com\/de\/wp-json\/wp\/v2\/pages"}],"about":[{"href":"https:\/\/bakkerflowservices.com\/de\/wp-json\/wp\/v2\/types\/page"}],"author":[{"embeddable":true,"href":"https:\/\/bakkerflowservices.com\/de\/wp-json\/wp\/v2\/users\/1"}],"replies":[{"embeddable":true,"href":"https:\/\/bakkerflowservices.com\/de\/wp-json\/wp\/v2\/comments?post=6893"}],"version-history":[{"count":4,"href":"https:\/\/bakkerflowservices.com\/de\/wp-json\/wp\/v2\/pages\/6893\/revisions"}],"predecessor-version":[{"id":7367,"href":"https:\/\/bakkerflowservices.com\/de\/wp-json\/wp\/v2\/pages\/6893\/revisions\/7367"}],"wp:attachment":[{"href":"https:\/\/bakkerflowservices.com\/de\/wp-json\/wp\/v2\/media?parent=6893"}],"curies":[{"name":"wp","href":"https:\/\/api.w.org\/{rel}","templated":true}]}}