{"id":6906,"date":"2024-01-03T12:56:21","date_gmt":"2024-01-03T12:56:21","guid":{"rendered":"https:\/\/bakkeroilfieldsupply.nl\/karriere\/onze-collegas-aan-het-woord\/"},"modified":"2024-11-07T07:46:36","modified_gmt":"2024-11-07T07:46:36","slug":"onze-collegas-aan-het-woord","status":"publish","type":"page","link":"https:\/\/bakkerflowservices.com\/de\/karriere\/onze-collegas-aan-het-woord\/","title":{"rendered":"Onze collega&#8217;s aan het woord"},"content":{"rendered":"\t\t<div data-elementor-type=\"wp-page\" data-elementor-id=\"6906\" class=\"elementor elementor-6906 elementor-977\" data-elementor-post-type=\"page\">\n\t\t\t\t\t\t<section class=\"elementor-section elementor-top-section elementor-element elementor-element-7db08969 elementor-section-boxed elementor-section-height-default elementor-section-height-default\" data-id=\"7db08969\" data-element_type=\"section\" data-e-type=\"section\" data-settings=\"{&quot;background_background&quot;:&quot;classic&quot;,&quot;jet_parallax_layout_list&quot;:[]}\">\n\t\t\t\t\t\t<div class=\"elementor-container elementor-column-gap-default\">\n\t\t\t\t\t<div class=\"elementor-column elementor-col-100 elementor-top-column elementor-element elementor-element-5b8a2b91\" data-id=\"5b8a2b91\" data-element_type=\"column\" data-e-type=\"column\" data-settings=\"{&quot;background_background&quot;:&quot;classic&quot;}\">\n\t\t\t<div class=\"elementor-widget-wrap elementor-element-populated\">\n\t\t\t\t\t\t\t<\/div>\n\t\t<\/div>\n\t\t\t\t\t<\/div>\n\t\t<\/section>\n\t\t\t\t<section class=\"elementor-section elementor-top-section elementor-element elementor-element-0e30fa7 inner-second-section elementor-section-boxed elementor-section-height-default elementor-section-height-default\" data-id=\"0e30fa7\" data-element_type=\"section\" data-e-type=\"section\" data-settings=\"{&quot;jet_parallax_layout_list&quot;:[]}\">\n\t\t\t\t\t\t<div class=\"elementor-container elementor-column-gap-default\">\n\t\t\t\t\t<div class=\"elementor-column elementor-col-100 elementor-top-column elementor-element elementor-element-bdacb67\" data-id=\"bdacb67\" data-element_type=\"column\" data-e-type=\"column\">\n\t\t\t<div class=\"elementor-widget-wrap elementor-element-populated\">\n\t\t\t\t\t\t<div class=\"elementor-element elementor-element-c75b5ce elementor-widget elementor-widget-heading\" data-id=\"c75b5ce\" data-element_type=\"widget\" data-e-type=\"widget\" data-widget_type=\"heading.default\">\n\t\t\t\t<div class=\"elementor-widget-container\">\n\t\t\t\t\t<h2 class=\"elementor-heading-title elementor-size-default\">Treffen Sie das Team  <\/h2>\t\t\t\t<\/div>\n\t\t\t\t<\/div>\n\t\t\t\t<div class=\"elementor-element elementor-element-4b53ff2 elementor-widget elementor-widget-text-editor\" data-id=\"4b53ff2\" data-element_type=\"widget\" data-e-type=\"widget\" data-widget_type=\"text-editor.default\">\n\t\t\t\t<div class=\"elementor-widget-container\">\n\t\t\t\t\t\t\t\t\t<p>Lesen Sie die Berichte und Empfehlungen unserer Mediziner. Lesen Sie, was sie bei Bakker Oilfield Supply gelernt haben und was sie bei ihrer t\u00e4glichen Arbeit so toll finden. <\/p>\n\t\t\t\t\t\t\t\t<\/div>\n\t\t\t\t<\/div>\n\t\t\t\t\t<\/div>\n\t\t<\/div>\n\t\t\t\t\t<\/div>\n\t\t<\/section>\n\t\t\t\t<section class=\"elementor-section elementor-top-section elementor-element elementor-element-c88230a elementor-section-boxed elementor-section-height-default elementor-section-height-default\" data-id=\"c88230a\" data-element_type=\"section\" data-e-type=\"section\" data-settings=\"{&quot;jet_parallax_layout_list&quot;:[]}\">\n\t\t\t\t\t\t<div class=\"elementor-container elementor-column-gap-wide\">\n\t\t\t\t\t<div class=\"elementor-column elementor-col-100 elementor-top-column elementor-element elementor-element-0cd4960\" data-id=\"0cd4960\" data-element_type=\"column\" data-e-type=\"column\">\n\t\t\t<div class=\"elementor-widget-wrap elementor-element-populated\">\n\t\t\t\t\t\t<div class=\"elementor-element elementor-element-53f0e47 elementor-widget elementor-widget-jet-carousel\" data-id=\"53f0e47\" data-element_type=\"widget\" data-e-type=\"widget\" data-settings=\"{&quot;slides_to_show&quot;:&quot;3&quot;,&quot;slides_to_show_tablet&quot;:&quot;2&quot;,&quot;slides_to_show_mobile&quot;:&quot;1&quot;,&quot;slides_to_scroll_tablet&quot;:&quot;1&quot;,&quot;slides_to_scroll&quot;:&quot;1&quot;}\" data-widget_type=\"jet-carousel.default\">\n\t\t\t\t<div class=\"elementor-widget-container\">\n\t\t\t\t\t<div class=\"elementor-jet-carousel jet-elements\"><div class=\"jet-carousel-wrap\">\n\t<div class=\"jet-carousel\" data-slider_options=\"{&quot;autoplaySpeed&quot;:5000,&quot;autoplay&quot;:true,&quot;infinite&quot;:true,&quot;centerMode&quot;:false,&quot;centerPadding&quot;:&quot;50px&quot;,&quot;pauseOnHover&quot;:false,&quot;speed&quot;:500,&quot;arrows&quot;:true,&quot;dots&quot;:false,&quot;variableWidth&quot;:false,&quot;prevArrow&quot;:&quot;.jet-carousel__prev-arrow-53f0e47&quot;,&quot;nextArrow&quot;:&quot;.jet-carousel__next-arrow-53f0e47&quot;,&quot;rtl&quot;:false,&quot;fractionNav&quot;:false}\" dir=\"ltr\">\n\t<div class=\"elementor-slick-slider\">\n\n<div class=\"jet-carousel__item\">\n\t<div class=\"jet-carousel__item-inner\"><a href=\"https:\/\/bakkerflowservices.com\/de\/karriere\/onze-collegas-aan-het-woord\/marc\/\" class=\"jet-carousel__item-link\" ><img decoding=\"async\" src=\"https:\/\/bakkerflowservices.com\/wp-content\/uploads\/2024\/08\/1.png\" class=\"jet-carousel__item-img\" alt=\"1\" loading=\"lazy\"><\/a><div class=\"jet-carousel__content\"><h5 class=\"jet-carousel__item-title\">Marc  <\/h5><div class=\"jet-carousel__item-text\"><p><strong>Verkauf Vermietung Unterst\u00fctzung<\/strong><\/p><p>\"De afwisselende werkzaamheden en de fijne werksfeer maken het echt leuk!\"<\/p><p> <\/p><\/div><a class=\"elementor-button elementor-size-md jet-carousel__item-button\" href=\"https:\/\/bakkerflowservices.com\/de\/karriere\/onze-collegas-aan-het-woord\/marc\/\">Lees meer<\/a><\/div><\/div>\n<\/div>\n\n<div class=\"jet-carousel__item\">\n\t<div class=\"jet-carousel__item-inner\"><a href=\"https:\/\/bakkerflowservices.com\/de\/karriere\/onze-collegas-aan-het-woord\/roy\/\" class=\"jet-carousel__item-link\" ><img decoding=\"async\" src=\"https:\/\/bakkerflowservices.com\/wp-content\/uploads\/2024\/08\/2.png\" class=\"jet-carousel__item-img\" alt=\"2\" loading=\"lazy\"><\/a><div class=\"jet-carousel__content\"><h5 class=\"jet-carousel__item-title\">Roy<\/h5><div class=\"jet-carousel__item-text\"><p><strong>Koordinator Wartung &amp; Inspektion<\/strong><\/p><p>\"Ons enthousiaste team met een gedeelde passie maakt zowel het werk as de gesprekken bijzonder leuk!\"<\/p><\/div><a class=\"elementor-button elementor-size-md jet-carousel__item-button\" href=\"https:\/\/bakkerflowservices.com\/de\/karriere\/onze-collegas-aan-het-woord\/roy\/\">Lees meer<\/a><\/div><\/div>\n<\/div>\n\n<div class=\"jet-carousel__item\">\n\t<div class=\"jet-carousel__item-inner\"><a href=\"https:\/\/bakkerflowservices.com\/de\/karriere\/onze-collegas-aan-het-woord\/joel\/\" class=\"jet-carousel__item-link\" ><img decoding=\"async\" src=\"https:\/\/bakkerflowservices.com\/wp-content\/uploads\/2024\/08\/3.png\" class=\"jet-carousel__item-img\" alt=\"3\" loading=\"lazy\"><\/a><div class=\"jet-carousel__content\"><h5 class=\"jet-carousel__item-title\">Jo\u00ebl<\/h5><div class=\"jet-carousel__item-text\"><p><strong>Manager Projekte &amp; Technik  <\/strong><\/p><p>\"Die Flexibilit\u00e4t und die Innovationskraft unserer Organisation bieten einen gro\u00dfen Spielraum f\u00fcr pers\u00f6nliches Wachstum und Entwicklung!\"<\/p><\/div><a class=\"elementor-button elementor-size-md jet-carousel__item-button\" href=\"https:\/\/bakkerflowservices.com\/de\/karriere\/onze-collegas-aan-het-woord\/joel\/\">Lees meer<\/a><\/div><\/div>\n<\/div>\n\n<div class=\"jet-carousel__item\">\n\t<div class=\"jet-carousel__item-inner\"><a href=\"  https:\/\/bakkerflowservices.com\/careers\/onze-collegas-aan-het-woord\/stefan-joran-nick\/\" class=\"jet-carousel__item-link\" ><img decoding=\"async\" src=\"https:\/\/bakkerflowservices.com\/wp-content\/uploads\/2024\/08\/4.png\" class=\"jet-carousel__item-img\" alt=\"4\" loading=\"lazy\"><\/a><div class=\"jet-carousel__content\"><h5 class=\"jet-carousel__item-title\">Stefan, Joran &amp; Nick<\/h5><div class=\"jet-carousel__item-text\"><p><strong>Onze zaterdag toppers<\/strong><\/p><p>\"Samen met het team zorgen we ervoor dat ons terrein en de werkplaats er altijd schoon en netjes uitzien!\"<\/p><\/div><a class=\"elementor-button elementor-size-md jet-carousel__item-button\" href=\"  https:\/\/bakkerflowservices.com\/careers\/onze-collegas-aan-het-woord\/stefan-joran-nick\/\">Lees meer<\/a><\/div><\/div>\n<\/div>\n\n<div class=\"jet-carousel__item\">\n\t<div class=\"jet-carousel__item-inner\"><a href=\"https:\/\/bakkerflowservices.com\/de\/karriere\/onze-collegas-aan-het-woord\/lars\/\" class=\"jet-carousel__item-link\" ><img decoding=\"async\" src=\"https:\/\/bakkerflowservices.com\/wp-content\/uploads\/2024\/08\/5.png\" class=\"jet-carousel__item-img\" alt=\"5\" loading=\"lazy\"><\/a><div class=\"jet-carousel__content\"><h5 class=\"jet-carousel__item-title\">Lars<\/h5><div class=\"jet-carousel__item-text\"><p><strong>Logistik-Koordinator  <\/strong><\/p><p>\"De fijne collega's, veel verantwoordelijkheid, en de vrijheid in het werk.\"<\/p><\/div><a class=\"elementor-button elementor-size-md jet-carousel__item-button\" href=\"https:\/\/bakkerflowservices.com\/de\/karriere\/onze-collegas-aan-het-woord\/lars\/\">Lees meer<\/a><\/div><\/div>\n<\/div>\n\n<div class=\"jet-carousel__item\">\n\t<div class=\"jet-carousel__item-inner\"><a href=\"https:\/\/bakkerflowservices.com\/de\/karriere\/onze-collegas-aan-het-woord\/marije\/\" class=\"jet-carousel__item-link\" ><img decoding=\"async\" src=\"https:\/\/bakkerflowservices.com\/wp-content\/uploads\/2024\/08\/6.png\" class=\"jet-carousel__item-img\" alt=\"\" loading=\"lazy\"><\/a><div class=\"jet-carousel__content\"><h5 class=\"jet-carousel__item-title\">Marije<\/h5><div class=\"jet-carousel__item-text\"><p><strong>Beauftragter f\u00fcr IT und Gehaltsabrechnung<\/strong><\/p><p>\"Er heerst een warme en prettige werksfeer, waar samenwerking en groeikansen centraal staan.\"<\/p><\/div><a class=\"elementor-button elementor-size-md jet-carousel__item-button\" href=\"https:\/\/bakkerflowservices.com\/de\/karriere\/onze-collegas-aan-het-woord\/marije\/\">Lees meer<\/a><\/div><\/div>\n<\/div>\n<\/div><div class=\"jet-carousel__prev-arrow-53f0e47 jet-arrow prev-arrow\"><i aria-hidden=\"true\" class=\"fas fa-angle-left\"><\/i><\/div><div class=\"jet-carousel__next-arrow-53f0e47 jet-arrow next-arrow\"><i aria-hidden=\"true\" class=\"fas fa-angle-right\"><\/i><\/div><\/div>\n<\/div>\n<\/div>\t\t\t\t<\/div>\n\t\t\t\t<\/div>\n\t\t\t\t<div class=\"elementor-element elementor-element-db672cb elementor-widget elementor-widget-spacer\" data-id=\"db672cb\" data-element_type=\"widget\" data-e-type=\"widget\" data-widget_type=\"spacer.default\">\n\t\t\t\t<div class=\"elementor-widget-container\">\n\t\t\t\t\t\t\t<div class=\"elementor-spacer\">\n\t\t\t<div class=\"elementor-spacer-inner\"><\/div>\n\t\t<\/div>\n\t\t\t\t\t\t<\/div>\n\t\t\t\t<\/div>\n\t\t\t\t\t<\/div>\n\t\t<\/div>\n\t\t\t\t\t<\/div>\n\t\t<\/section>\n\t\t\t\t<\/div>\n\t\t","protected":false},"excerpt":{"rendered":"<p>Treffen Sie das Team Lesen Sie die Berichte und Empfehlungen unserer Mediziner. Lesen Sie, was sie bei Bakker Oilfield Supply gelernt haben und was sie bei ihrer t\u00e4glichen Arbeit so toll finden. Marc Verkauf Vermietung Unterst\u00fctzung &#8220;De afwisselende werkzaamheden en de fijne werksfeer maken het echt leuk!&#8221; Lees meer Roy Koordinator Wartung &amp; Inspektion &#8220;Ons [&hellip;]<\/p>\n","protected":false},"author":1,"featured_media":6723,"parent":6889,"menu_order":0,"comment_status":"closed","ping_status":"closed","template":"elementor_header_footer","meta":{"_acf_changed":false,"inline_featured_image":false,"footnotes":""},"class_list":["post-6906","page","type-page","status-publish","has-post-thumbnail","hentry"],"acf":[],"_links":{"self":[{"href":"https:\/\/bakkerflowservices.com\/de\/wp-json\/wp\/v2\/pages\/6906","targetHints":{"allow":["GET"]}}],"collection":[{"href":"https:\/\/bakkerflowservices.com\/de\/wp-json\/wp\/v2\/pages"}],"about":[{"href":"https:\/\/bakkerflowservices.com\/de\/wp-json\/wp\/v2\/types\/page"}],"author":[{"embeddable":true,"href":"https:\/\/bakkerflowservices.com\/de\/wp-json\/wp\/v2\/users\/1"}],"replies":[{"embeddable":true,"href":"https:\/\/bakkerflowservices.com\/de\/wp-json\/wp\/v2\/comments?post=6906"}],"version-history":[{"count":21,"href":"https:\/\/bakkerflowservices.com\/de\/wp-json\/wp\/v2\/pages\/6906\/revisions"}],"predecessor-version":[{"id":7720,"href":"https:\/\/bakkerflowservices.com\/de\/wp-json\/wp\/v2\/pages\/6906\/revisions\/7720"}],"up":[{"embeddable":true,"href":"https:\/\/bakkerflowservices.com\/de\/wp-json\/wp\/v2\/pages\/6889"}],"wp:featuredmedia":[{"embeddable":true,"href":"https:\/\/bakkerflowservices.com\/de\/wp-json\/wp\/v2\/media\/6723"}],"wp:attachment":[{"href":"https:\/\/bakkerflowservices.com\/de\/wp-json\/wp\/v2\/media?parent=6906"}],"curies":[{"name":"wp","href":"https:\/\/api.w.org\/{rel}","templated":true}]}}