{"id":6913,"date":"2024-01-10T14:10:50","date_gmt":"2024-01-10T14:10:50","guid":{"rendered":"https:\/\/bakkeroilfieldsupply.nl\/industriell\/"},"modified":"2024-10-22T08:57:43","modified_gmt":"2024-10-22T08:57:43","slug":"industriell","status":"publish","type":"page","link":"https:\/\/bakkerflowservices.com\/de\/industriell\/","title":{"rendered":"Industriell"},"content":{"rendered":"\t\t<div data-elementor-type=\"wp-page\" data-elementor-id=\"6913\" class=\"elementor elementor-6913 elementor-1183\" data-elementor-post-type=\"page\">\n\t\t\t\t\t\t<section class=\"elementor-section elementor-top-section elementor-element elementor-element-06094d0 elementor-section-boxed elementor-section-height-default elementor-section-height-default\" data-id=\"06094d0\" data-element_type=\"section\" data-e-type=\"section\" data-settings=\"{&quot;background_background&quot;:&quot;classic&quot;,&quot;jet_parallax_layout_list&quot;:[]}\">\n\t\t\t\t\t\t<div class=\"elementor-container elementor-column-gap-default\">\n\t\t\t\t\t<div class=\"elementor-column elementor-col-100 elementor-top-column elementor-element elementor-element-050bfcd\" data-id=\"050bfcd\" data-element_type=\"column\" data-e-type=\"column\" data-settings=\"{&quot;background_background&quot;:&quot;classic&quot;}\">\n\t\t\t<div class=\"elementor-widget-wrap elementor-element-populated\">\n\t\t\t\t\t\t\t<\/div>\n\t\t<\/div>\n\t\t\t\t\t<\/div>\n\t\t<\/section>\n\t\t\t\t<section class=\"elementor-section elementor-top-section elementor-element elementor-element-114e6d2 inner-second-section elementor-section-boxed elementor-section-height-default elementor-section-height-default\" data-id=\"114e6d2\" data-element_type=\"section\" data-e-type=\"section\" data-settings=\"{&quot;jet_parallax_layout_list&quot;:[]}\">\n\t\t\t\t\t\t<div class=\"elementor-container elementor-column-gap-default\">\n\t\t\t\t\t<div class=\"elementor-column elementor-col-50 elementor-top-column elementor-element elementor-element-de85d34\" data-id=\"de85d34\" data-element_type=\"column\" data-e-type=\"column\">\n\t\t\t<div class=\"elementor-widget-wrap elementor-element-populated\">\n\t\t\t\t\t\t<div class=\"elementor-element elementor-element-d8f53a2 elementor-widget elementor-widget-heading\" data-id=\"d8f53a2\" data-element_type=\"widget\" data-e-type=\"widget\" data-widget_type=\"heading.default\">\n\t\t\t\t<div class=\"elementor-widget-container\">\n\t\t\t\t\t<h2 class=\"elementor-heading-title elementor-size-default\">Ausger\u00fcstet f\u00fcr L\u00f6sungen: Industrie<\/h2>\t\t\t\t<\/div>\n\t\t\t\t<\/div>\n\t\t\t\t\t<\/div>\n\t\t<\/div>\n\t\t\t\t<div class=\"elementor-column elementor-col-50 elementor-top-column elementor-element elementor-element-4a88669\" data-id=\"4a88669\" data-element_type=\"column\" data-e-type=\"column\">\n\t\t\t<div class=\"elementor-widget-wrap elementor-element-populated\">\n\t\t\t\t\t\t<div class=\"elementor-element elementor-element-f2ecd0c elementor-widget elementor-widget-text-editor\" data-id=\"f2ecd0c\" data-element_type=\"widget\" data-e-type=\"widget\" data-widget_type=\"text-editor.default\">\n\t\t\t\t<div class=\"elementor-widget-container\">\n\t\t\t\t\t\t\t\t\t<p data-pm-slice=\"1 1 []\">Wir nutzen unser eigenes Know-how und das unserer Partner, um unseren Kunden umfassende, schl\u00fcsselfertige L\u00f6sungen zu liefern. Durch die Zusammenarbeit mit einer Vielzahl von Technologieanbietern bieten wir ein komplettes Rundum-Paket. Gemeinsam mit unseren Kunden ermitteln wir die bestm\u00f6glichen Ergebnisse f\u00fcr jedes Projekt und entwickeln gemeinsam die erforderlichen Verfahren, Techniken und Technologien.  <\/p><p data-pm-slice=\"1 1 []\"><br><\/p>\n<p><\/p>\n<p>Mit einer umfangreichen Erfolgsbilanz erfolgreicher Projekte liegt unser Hauptaugenmerk auf der Bereitstellung von ma\u00dfgeschneiderten L\u00f6sungen f\u00fcr Pipelines und Prozessanlagen.<\/p>\t\t\t\t\t\t\t\t<\/div>\n\t\t\t\t<\/div>\n\t\t\t\t\t<\/div>\n\t\t<\/div>\n\t\t\t\t\t<\/div>\n\t\t<\/section>\n\t\t\t\t<section class=\"elementor-section elementor-top-section elementor-element elementor-element-a5d551b jha-global-bottom hover-with-icon-btn elementor-section-boxed elementor-section-height-default elementor-section-height-default\" data-id=\"a5d551b\" data-element_type=\"section\" data-e-type=\"section\" data-settings=\"{&quot;jet_parallax_layout_list&quot;:[]}\">\n\t\t\t\t\t\t<div class=\"elementor-container elementor-column-gap-default\">\n\t\t\t\t\t<div class=\"elementor-column elementor-col-100 elementor-top-column elementor-element elementor-element-f965dba\" data-id=\"f965dba\" data-element_type=\"column\" data-e-type=\"column\">\n\t\t\t<div class=\"elementor-widget-wrap elementor-element-populated\">\n\t\t\t\t\t\t<section data-ra-url=\"https:\/\/bakkerflowservices.com\/industrial\/pipeline-services\/\" data-ra-target=\"_self\" class=\"ra-clickable-wrapper elementor-section elementor-inner-section elementor-element elementor-element-2d8f18e elementor-section-boxed elementor-section-height-default elementor-section-height-default\" style=\"cursor:pointer;\" data-id=\"2d8f18e\" data-element_type=\"section\" data-e-type=\"section\" data-settings=\"{&quot;jet_parallax_layout_list&quot;:[]}\">\n\t\t\t\t\t\t<div class=\"elementor-container elementor-column-gap-default\">\n\t\t\t\t\t<div class=\"elementor-column elementor-col-50 elementor-inner-column elementor-element elementor-element-18777f2\" data-id=\"18777f2\" data-element_type=\"column\" data-e-type=\"column\">\n\t\t\t<div class=\"elementor-widget-wrap elementor-element-populated\">\n\t\t\t\t\t\t<div class=\"elementor-element elementor-element-4bb5a0f elementor-widget elementor-widget-heading\" data-id=\"4bb5a0f\" data-element_type=\"widget\" data-e-type=\"widget\" data-widget_type=\"heading.default\">\n\t\t\t\t<div class=\"elementor-widget-container\">\n\t\t\t\t\t<h2 class=\"elementor-heading-title elementor-size-default\"><a href=\"https:\/\/bakkerflowservices.com\/de\/industriell\/pipeline-dienstleistungen\/\">Pipeline Dienstleistungen<\/a><\/h2>\t\t\t\t<\/div>\n\t\t\t\t<\/div>\n\t\t\t\t\t<\/div>\n\t\t<\/div>\n\t\t\t\t<div class=\"elementor-column elementor-col-50 elementor-inner-column elementor-element elementor-element-e3eda56\" data-id=\"e3eda56\" data-element_type=\"column\" data-e-type=\"column\">\n\t\t\t<div class=\"elementor-widget-wrap elementor-element-populated\">\n\t\t\t\t\t\t<div class=\"elementor-element elementor-element-7bf309a elementor-view-default elementor-widget elementor-widget-icon\" data-id=\"7bf309a\" data-element_type=\"widget\" data-e-type=\"widget\" data-widget_type=\"icon.default\">\n\t\t\t\t<div class=\"elementor-widget-container\">\n\t\t\t\t\t\t\t<div class=\"elementor-icon-wrapper\">\n\t\t\t<a class=\"elementor-icon\" href=\"https:\/\/bakkerflowservices.com\/de\/industriell\/pipeline-dienstleistungen\/\">\n\t\t\t<svg xmlns=\"http:\/\/www.w3.org\/2000\/svg\" width=\"48\" height=\"48\" viewBox=\"0 0 48 48\"><path fill-rule=\"evenodd\" clip-rule=\"evenodd\" d=\"M37.6601 17.2929L43.7211 23.6569C44.093 24.0474 44.093 24.6805 43.7211 25.0711L37.6601 31.435C37.2882 31.8256 36.6852 31.8256 36.3133 31.435C35.9413 31.0445 35.9413 30.4113 36.3133 30.0208L40.7484 25.364H4.95238C4.4264 25.364 4 24.9162 4 24.364C4 23.8117 4.4264 23.364 4.95238 23.364H40.7484L36.3133 18.7071C35.9413 18.3166 35.9413 17.6834 36.3133 17.2929C36.6852 16.9024 37.2882 16.9024 37.6601 17.2929Z\"><\/path><\/svg>\t\t\t<\/a>\n\t\t<\/div>\n\t\t\t\t\t\t<\/div>\n\t\t\t\t<\/div>\n\t\t\t\t\t<\/div>\n\t\t<\/div>\n\t\t\t\t\t<\/div>\n\t\t<\/section>\n\t\t\t\t<div class=\"elementor-element elementor-element-a12312a elementor-widget-divider--view-line elementor-widget elementor-widget-divider\" data-id=\"a12312a\" data-element_type=\"widget\" data-e-type=\"widget\" data-widget_type=\"divider.default\">\n\t\t\t\t<div class=\"elementor-widget-container\">\n\t\t\t\t\t\t\t<div class=\"elementor-divider\">\n\t\t\t<span class=\"elementor-divider-separator\">\n\t\t\t\t\t\t<\/span>\n\t\t<\/div>\n\t\t\t\t\t\t<\/div>\n\t\t\t\t<\/div>\n\t\t\t\t<section data-ra-url=\"https:\/\/bakkerflowservices.com\/industrial\/industrial-project-management\/\" data-ra-target=\"_self\" class=\"ra-clickable-wrapper elementor-section elementor-inner-section elementor-element elementor-element-8427a3b elementor-section-boxed elementor-section-height-default elementor-section-height-default\" style=\"cursor:pointer;\" data-id=\"8427a3b\" data-element_type=\"section\" data-e-type=\"section\" data-settings=\"{&quot;jet_parallax_layout_list&quot;:[]}\">\n\t\t\t\t\t\t<div class=\"elementor-container elementor-column-gap-default\">\n\t\t\t\t\t<div class=\"elementor-column elementor-col-50 elementor-inner-column elementor-element elementor-element-bccde38\" data-id=\"bccde38\" data-element_type=\"column\" data-e-type=\"column\">\n\t\t\t<div class=\"elementor-widget-wrap elementor-element-populated\">\n\t\t\t\t\t\t<div class=\"elementor-element elementor-element-5ab758c elementor-widget elementor-widget-heading\" data-id=\"5ab758c\" data-element_type=\"widget\" data-e-type=\"widget\" data-widget_type=\"heading.default\">\n\t\t\t\t<div class=\"elementor-widget-container\">\n\t\t\t\t\t<h2 class=\"elementor-heading-title elementor-size-default\"><a href=\"https:\/\/bakkerflowservices.com\/de\/industriell\/industrielles-projektmanagement\/\">Industrielles Projektmanagement  <\/a><\/h2>\t\t\t\t<\/div>\n\t\t\t\t<\/div>\n\t\t\t\t\t<\/div>\n\t\t<\/div>\n\t\t\t\t<div class=\"elementor-column elementor-col-50 elementor-inner-column elementor-element elementor-element-0c3819d\" data-id=\"0c3819d\" data-element_type=\"column\" data-e-type=\"column\">\n\t\t\t<div class=\"elementor-widget-wrap elementor-element-populated\">\n\t\t\t\t\t\t<div class=\"elementor-element elementor-element-fb2a295 elementor-view-default elementor-widget elementor-widget-icon\" data-id=\"fb2a295\" data-element_type=\"widget\" data-e-type=\"widget\" data-widget_type=\"icon.default\">\n\t\t\t\t<div class=\"elementor-widget-container\">\n\t\t\t\t\t\t\t<div class=\"elementor-icon-wrapper\">\n\t\t\t<a class=\"elementor-icon\" href=\"https:\/\/bakkerflowservices.com\/de\/industriell\/industrielles-projektmanagement\/\">\n\t\t\t<svg xmlns=\"http:\/\/www.w3.org\/2000\/svg\" width=\"48\" height=\"48\" viewBox=\"0 0 48 48\"><path fill-rule=\"evenodd\" clip-rule=\"evenodd\" d=\"M37.6601 17.2929L43.7211 23.6569C44.093 24.0474 44.093 24.6805 43.7211 25.0711L37.6601 31.435C37.2882 31.8256 36.6852 31.8256 36.3133 31.435C35.9413 31.0445 35.9413 30.4113 36.3133 30.0208L40.7484 25.364H4.95238C4.4264 25.364 4 24.9162 4 24.364C4 23.8117 4.4264 23.364 4.95238 23.364H40.7484L36.3133 18.7071C35.9413 18.3166 35.9413 17.6834 36.3133 17.2929C36.6852 16.9024 37.2882 16.9024 37.6601 17.2929Z\"><\/path><\/svg>\t\t\t<\/a>\n\t\t<\/div>\n\t\t\t\t\t\t<\/div>\n\t\t\t\t<\/div>\n\t\t\t\t\t<\/div>\n\t\t<\/div>\n\t\t\t\t\t<\/div>\n\t\t<\/section>\n\t\t\t\t\t<\/div>\n\t\t<\/div>\n\t\t\t\t\t<\/div>\n\t\t<\/section>\n\t\t\t\t<\/div>\n\t\t","protected":false},"excerpt":{"rendered":"<p>Ausger\u00fcstet f\u00fcr L\u00f6sungen: Industrie Wir nutzen unser eigenes Know-how und das unserer Partner, um unseren Kunden umfassende, schl\u00fcsselfertige L\u00f6sungen zu liefern. Durch die Zusammenarbeit mit einer Vielzahl von Technologieanbietern bieten wir ein komplettes Rundum-Paket. Gemeinsam mit unseren Kunden ermitteln wir die bestm\u00f6glichen Ergebnisse f\u00fcr jedes Projekt und entwickeln gemeinsam die erforderlichen Verfahren, Techniken und Technologien. [&hellip;]<\/p>\n","protected":false},"author":1,"featured_media":6607,"parent":0,"menu_order":0,"comment_status":"closed","ping_status":"closed","template":"","meta":{"_acf_changed":false,"inline_featured_image":false,"footnotes":""},"class_list":["post-6913","page","type-page","status-publish","has-post-thumbnail","hentry"],"acf":[],"_links":{"self":[{"href":"https:\/\/bakkerflowservices.com\/de\/wp-json\/wp\/v2\/pages\/6913","targetHints":{"allow":["GET"]}}],"collection":[{"href":"https:\/\/bakkerflowservices.com\/de\/wp-json\/wp\/v2\/pages"}],"about":[{"href":"https:\/\/bakkerflowservices.com\/de\/wp-json\/wp\/v2\/types\/page"}],"author":[{"embeddable":true,"href":"https:\/\/bakkerflowservices.com\/de\/wp-json\/wp\/v2\/users\/1"}],"replies":[{"embeddable":true,"href":"https:\/\/bakkerflowservices.com\/de\/wp-json\/wp\/v2\/comments?post=6913"}],"version-history":[{"count":2,"href":"https:\/\/bakkerflowservices.com\/de\/wp-json\/wp\/v2\/pages\/6913\/revisions"}],"predecessor-version":[{"id":7285,"href":"https:\/\/bakkerflowservices.com\/de\/wp-json\/wp\/v2\/pages\/6913\/revisions\/7285"}],"wp:featuredmedia":[{"embeddable":true,"href":"https:\/\/bakkerflowservices.com\/de\/wp-json\/wp\/v2\/media\/6607"}],"wp:attachment":[{"href":"https:\/\/bakkerflowservices.com\/de\/wp-json\/wp\/v2\/media?parent=6913"}],"curies":[{"name":"wp","href":"https:\/\/api.w.org\/{rel}","templated":true}]}}