{"id":7070,"date":"2024-09-24T13:34:09","date_gmt":"2024-09-24T13:34:09","guid":{"rendered":"https:\/\/bakkeroilfieldsupply.nl\/klangwand\/"},"modified":"2024-11-07T08:38:19","modified_gmt":"2024-11-07T08:38:19","slug":"klangwand","status":"publish","type":"page","link":"https:\/\/bakkerflowservices.com\/de\/klangwand\/","title":{"rendered":"Klangwand"},"content":{"rendered":"\t\t<div data-elementor-type=\"wp-page\" data-elementor-id=\"7070\" class=\"elementor elementor-7070 elementor-6069\" data-elementor-post-type=\"page\">\n\t\t\t\t\t\t<section class=\"elementor-section elementor-top-section elementor-element elementor-element-680a2e2 elementor-section-boxed elementor-section-height-default elementor-section-height-default\" data-id=\"680a2e2\" data-element_type=\"section\" data-e-type=\"section\" data-settings=\"{&quot;background_background&quot;:&quot;classic&quot;,&quot;jet_parallax_layout_list&quot;:[]}\">\n\t\t\t\t\t\t<div class=\"elementor-container elementor-column-gap-default\">\n\t\t\t\t\t<div class=\"elementor-column elementor-col-100 elementor-top-column elementor-element elementor-element-fec314b\" data-id=\"fec314b\" data-element_type=\"column\" data-e-type=\"column\" data-settings=\"{&quot;background_background&quot;:&quot;classic&quot;}\">\n\t\t\t<div class=\"elementor-widget-wrap elementor-element-populated\">\n\t\t\t\t\t\t\t<\/div>\n\t\t<\/div>\n\t\t\t\t\t<\/div>\n\t\t<\/section>\n\t\t\t\t<section class=\"elementor-section elementor-top-section elementor-element elementor-element-405d8a0 inner-second-section elementor-section-boxed elementor-section-height-default elementor-section-height-default\" data-id=\"405d8a0\" data-element_type=\"section\" data-e-type=\"section\" data-settings=\"{&quot;jet_parallax_layout_list&quot;:[]}\">\n\t\t\t\t\t\t<div class=\"elementor-container elementor-column-gap-default\">\n\t\t\t\t\t<div class=\"elementor-column elementor-col-100 elementor-top-column elementor-element elementor-element-013fa3a\" data-id=\"013fa3a\" data-element_type=\"column\" data-e-type=\"column\">\n\t\t\t<div class=\"elementor-widget-wrap elementor-element-populated\">\n\t\t\t\t\t\t<div class=\"elementor-element elementor-element-091e429 elementor-widget elementor-widget-text-editor\" data-id=\"091e429\" data-element_type=\"widget\" data-e-type=\"widget\" data-widget_type=\"text-editor.default\">\n\t\t\t\t<div class=\"elementor-widget-container\">\n\t\t\t\t\t\t\t\t\t<p data-pm-slice=\"1 1 []\">Sie suchen nach einer zuverl\u00e4ssigen L\u00f6sung gegen L\u00e4rmbel\u00e4stigung? Dann sind Sie bei unserer Schallschutzwand genau richtig. Sie wurde entwickelt, um unerw\u00fcnschten L\u00e4rm zu reduzieren und die Umwelt zu sch\u00fctzen. <\/p>\n<p data-pm-slice=\"1 1 []\">\n<p data-pm-slice=\"1 1 []\">Mit einer Gesamth\u00f6he von 10 Metern ist unsere Schallwand ein einzigartiges akustisches Schutzsystem. Es ist \u00fcberall dort unverzichtbar, wo die Umgebung vor L\u00e4rmbel\u00e4stigung gesch\u00fctzt werden muss. Das System besteht aus Akustikpaneelen, die jeweils 2,5 Meter breit und 9,5 Meter hoch sind und auf Gegengewichten aus Beton montiert sind. Mit der Schallwand kann eine L\u00e4rmreduzierung von bis zu 20 dB(A) erreicht werden. Das System kann einfach konfiguriert werden.    <\/p>\n\t\t\t\t\t\t\t\t<\/div>\n\t\t\t\t<\/div>\n\t\t\t\t\t<\/div>\n\t\t<\/div>\n\t\t\t\t\t<\/div>\n\t\t<\/section>\n\t\t\t\t<section class=\"elementor-section elementor-top-section elementor-element elementor-element-4a31f47 elementor-section-boxed elementor-section-height-default elementor-section-height-default\" data-id=\"4a31f47\" data-element_type=\"section\" data-e-type=\"section\" data-settings=\"{&quot;jet_parallax_layout_list&quot;:[],&quot;background_background&quot;:&quot;classic&quot;}\">\n\t\t\t\t\t\t<div class=\"elementor-container elementor-column-gap-default\">\n\t\t\t\t\t<div class=\"elementor-column elementor-col-100 elementor-top-column elementor-element elementor-element-62c6dd5\" data-id=\"62c6dd5\" data-element_type=\"column\" data-e-type=\"column\">\n\t\t\t<div class=\"elementor-widget-wrap elementor-element-populated\">\n\t\t\t\t\t\t<section class=\"elementor-section elementor-inner-section elementor-element elementor-element-ae0aa90 elementor-section-boxed elementor-section-height-default elementor-section-height-default\" data-id=\"ae0aa90\" data-element_type=\"section\" data-e-type=\"section\" data-settings=\"{&quot;jet_parallax_layout_list&quot;:[]}\">\n\t\t\t\t\t\t<div class=\"elementor-container elementor-column-gap-default\">\n\t\t\t\t\t<div class=\"elementor-column elementor-col-50 elementor-inner-column elementor-element elementor-element-72948f7\" data-id=\"72948f7\" data-element_type=\"column\" data-e-type=\"column\">\n\t\t\t<div class=\"elementor-widget-wrap elementor-element-populated\">\n\t\t\t\t\t\t<div class=\"elementor-element elementor-element-f542585 elementor-widget elementor-widget-image\" data-id=\"f542585\" data-element_type=\"widget\" data-e-type=\"widget\" data-widget_type=\"image.default\">\n\t\t\t\t<div class=\"elementor-widget-container\">\n\t\t\t\t\t\t\t\t\t\t\t\t\t\t\t<img fetchpriority=\"high\" decoding=\"async\" width=\"800\" height=\"496\" src=\"https:\/\/bakkerflowservices.com\/wp-content\/uploads\/2024\/09\/Soundwall.jpg\" class=\"attachment-large size-large wp-image-6088\" alt=\"Sound Wall\" srcset=\"https:\/\/bakkerflowservices.com\/wp-content\/uploads\/2024\/09\/Soundwall.jpg 949w, https:\/\/bakkerflowservices.com\/wp-content\/uploads\/2024\/09\/Soundwall-300x186.jpg 300w, https:\/\/bakkerflowservices.com\/wp-content\/uploads\/2024\/09\/Soundwall-768x476.jpg 768w\" sizes=\"(max-width: 800px) 100vw, 800px\" \/>\t\t\t\t\t\t\t\t\t\t\t\t\t\t\t<\/div>\n\t\t\t\t<\/div>\n\t\t\t\t\t<\/div>\n\t\t<\/div>\n\t\t\t\t<div class=\"elementor-column elementor-col-50 elementor-inner-column elementor-element elementor-element-d42deca\" data-id=\"d42deca\" data-element_type=\"column\" data-e-type=\"column\">\n\t\t\t<div class=\"elementor-widget-wrap elementor-element-populated\">\n\t\t\t\t\t\t<div class=\"elementor-element elementor-element-15622c6 elementor-widget elementor-widget-heading\" data-id=\"15622c6\" data-element_type=\"widget\" data-e-type=\"widget\" data-widget_type=\"heading.default\">\n\t\t\t\t<div class=\"elementor-widget-container\">\n\t\t\t\t\t<h2 class=\"elementor-heading-title elementor-size-default\">Die wichtigsten Vorteile der Sound Wall<\/h2>\t\t\t\t<\/div>\n\t\t\t\t<\/div>\n\t\t\t\t<div class=\"elementor-element elementor-element-bde3cef elementor-widget elementor-widget-text-editor\" data-id=\"bde3cef\" data-element_type=\"widget\" data-e-type=\"widget\" data-widget_type=\"text-editor.default\">\n\t\t\t\t<div class=\"elementor-widget-container\">\n\t\t\t\t\t\t\t\t\t<ul>\n<li>\n<p data-pm-slice=\"1 1 []\">Sch\u00fctzen Sie die Umwelt mit einer L\u00e4rmminderung von bis zu 20 dB(A).<\/p>\n<\/li>\n<li>\n<p data-pm-slice=\"1 1 []\"><span style=\"background-color: transparent; color: var( --e-global-color-text ); font-family: var( --e-global-typography-text-font-family ), Sans-serif; font-weight: var( --e-global-typography-text-font-weight ); letter-spacing: var( --e-global-typography-text-letter-spacing );\">Begrenzen Sie die Bel\u00e4stigung, indem Sie die Baustelle von den Nachbarn abschirmen.<\/span><\/p>\n<\/li>\n<li>\n<p data-pm-slice=\"1 1 []\"><span style=\"background-color: transparent; color: var( --e-global-color-text ); font-family: var( --e-global-typography-text-font-family ), Sans-serif; font-weight: var( --e-global-typography-text-font-weight ); letter-spacing: var( --e-global-typography-text-letter-spacing );\">Bleiben Sie sicher mit einer gut beleuchteten Baustelle und einer Widerstandsf\u00e4higkeit gegen Windst\u00e4rken von bis zu 12 Bft.<\/span><\/p>\n<\/li>\n<li><span style=\"background-color: transparent; color: var( --e-global-color-text ); font-family: var( --e-global-typography-text-font-family ), Sans-serif; font-weight: var( --e-global-typography-text-font-weight ); letter-spacing: var( --e-global-typography-text-letter-spacing );\">Halten Sie die Produktivit\u00e4t auf Ihrer Baustelle mit einer Reihe von Funktionen aufrecht, wie z.B. Schwingt\u00fcren, Kabelkan\u00e4len und vielem mehr.<\/span><\/li>\n<\/ul>\n\t\t\t\t\t\t\t\t<\/div>\n\t\t\t\t<\/div>\n\t\t\t\t\t<\/div>\n\t\t<\/div>\n\t\t\t\t\t<\/div>\n\t\t<\/section>\n\t\t\t\t\t<\/div>\n\t\t<\/div>\n\t\t\t\t\t<\/div>\n\t\t<\/section>\n\t\t\t\t<section class=\"elementor-section elementor-top-section elementor-element elementor-element-e8205a7 elementor-section-boxed elementor-section-height-default elementor-section-height-default\" data-id=\"e8205a7\" data-element_type=\"section\" data-e-type=\"section\" data-settings=\"{&quot;jet_parallax_layout_list&quot;:[]}\">\n\t\t\t\t\t\t<div class=\"elementor-container elementor-column-gap-default\">\n\t\t\t\t\t<div class=\"elementor-column elementor-col-100 elementor-top-column elementor-element elementor-element-ff2e188\" data-id=\"ff2e188\" data-element_type=\"column\" data-e-type=\"column\">\n\t\t\t<div class=\"elementor-widget-wrap elementor-element-populated\">\n\t\t\t\t\t\t<section class=\"elementor-section elementor-inner-section elementor-element elementor-element-dccbb59 elementor-reverse-mobile elementor-section-boxed elementor-section-height-default elementor-section-height-default\" data-id=\"dccbb59\" data-element_type=\"section\" data-e-type=\"section\" data-settings=\"{&quot;jet_parallax_layout_list&quot;:[]}\">\n\t\t\t\t\t\t<div class=\"elementor-container elementor-column-gap-default\">\n\t\t\t\t\t<div class=\"elementor-column elementor-col-50 elementor-inner-column elementor-element elementor-element-791144b\" data-id=\"791144b\" data-element_type=\"column\" data-e-type=\"column\">\n\t\t\t<div class=\"elementor-widget-wrap elementor-element-populated\">\n\t\t\t\t\t\t<div class=\"elementor-element elementor-element-7220bba elementor-widget elementor-widget-heading\" data-id=\"7220bba\" data-element_type=\"widget\" data-e-type=\"widget\" data-widget_type=\"heading.default\">\n\t\t\t\t<div class=\"elementor-widget-container\">\n\t\t\t\t\t<h2 class=\"elementor-heading-title elementor-size-default\">Die Vorteile eines modularen Systems<\/h2>\t\t\t\t<\/div>\n\t\t\t\t<\/div>\n\t\t\t\t<div class=\"elementor-element elementor-element-3f93ea6 elementor-widget elementor-widget-text-editor\" data-id=\"3f93ea6\" data-element_type=\"widget\" data-e-type=\"widget\" data-widget_type=\"text-editor.default\">\n\t\t\t\t<div class=\"elementor-widget-container\">\n\t\t\t\t\t\t\t\t\t<ul>\n<li>\n<p>Die Konfiguration der Schallwand wird auf der Grundlage Ihrer Pr\u00e4ferenzen und Standortanforderungen erstellt.<\/p>\n<\/li>\n<li>\n<p>Die Notausg\u00e4nge k\u00f6nnen je nach Lage des Gel\u00e4ndes strategisch platziert werden.<\/p>\n<\/li>\n<li>\n<p>Die Kabelkan\u00e4le werden dort platziert, wo Sie sie brauchen.<\/p>\n<\/li>\n<\/ul>\n\t\t\t\t\t\t\t\t<\/div>\n\t\t\t\t<\/div>\n\t\t\t\t\t<\/div>\n\t\t<\/div>\n\t\t\t\t<div class=\"elementor-column elementor-col-50 elementor-inner-column elementor-element elementor-element-3a6b46e\" data-id=\"3a6b46e\" data-element_type=\"column\" data-e-type=\"column\">\n\t\t\t<div class=\"elementor-widget-wrap elementor-element-populated\">\n\t\t\t\t\t\t<div class=\"elementor-element elementor-element-5213baa elementor-widget elementor-widget-image\" data-id=\"5213baa\" data-element_type=\"widget\" data-e-type=\"widget\" data-widget_type=\"image.default\">\n\t\t\t\t<div class=\"elementor-widget-container\">\n\t\t\t\t\t\t\t\t\t\t\t\t\t\t\t<img decoding=\"async\" width=\"768\" height=\"576\" src=\"https:\/\/bakkerflowservices.com\/wp-content\/uploads\/2024\/09\/Soundwall-rolldoor-768x576.png\" class=\"attachment-medium_large size-medium_large wp-image-6095\" alt=\"Sound Wall\" srcset=\"https:\/\/bakkerflowservices.com\/wp-content\/uploads\/2024\/09\/Soundwall-rolldoor-768x576.png 768w, https:\/\/bakkerflowservices.com\/wp-content\/uploads\/2024\/09\/Soundwall-rolldoor-300x225.png 300w, https:\/\/bakkerflowservices.com\/wp-content\/uploads\/2024\/09\/Soundwall-rolldoor-1024x768.png 1024w, https:\/\/bakkerflowservices.com\/wp-content\/uploads\/2024\/09\/Soundwall-rolldoor.png 1062w\" sizes=\"(max-width: 768px) 100vw, 768px\" \/>\t\t\t\t\t\t\t\t\t\t\t\t\t\t\t<\/div>\n\t\t\t\t<\/div>\n\t\t\t\t\t<\/div>\n\t\t<\/div>\n\t\t\t\t\t<\/div>\n\t\t<\/section>\n\t\t\t\t\t<\/div>\n\t\t<\/div>\n\t\t\t\t\t<\/div>\n\t\t<\/section>\n\t\t\t\t<section class=\"elementor-section elementor-top-section elementor-element elementor-element-6879564 elementor-section-boxed elementor-section-height-default elementor-section-height-default\" data-id=\"6879564\" data-element_type=\"section\" data-e-type=\"section\" data-settings=\"{&quot;jet_parallax_layout_list&quot;:[],&quot;background_background&quot;:&quot;classic&quot;}\">\n\t\t\t\t\t\t<div class=\"elementor-container elementor-column-gap-default\">\n\t\t\t\t\t<div class=\"elementor-column elementor-col-100 elementor-top-column elementor-element elementor-element-4a53c6d\" data-id=\"4a53c6d\" data-element_type=\"column\" data-e-type=\"column\">\n\t\t\t<div class=\"elementor-widget-wrap elementor-element-populated\">\n\t\t\t\t\t\t<section class=\"elementor-section elementor-inner-section elementor-element elementor-element-6409d88 elementor-section-boxed elementor-section-height-default elementor-section-height-default\" data-id=\"6409d88\" data-element_type=\"section\" data-e-type=\"section\" data-settings=\"{&quot;jet_parallax_layout_list&quot;:[]}\">\n\t\t\t\t\t\t<div class=\"elementor-container elementor-column-gap-default\">\n\t\t\t\t\t<div class=\"elementor-column elementor-col-50 elementor-inner-column elementor-element elementor-element-88c75d4\" data-id=\"88c75d4\" data-element_type=\"column\" data-e-type=\"column\">\n\t\t\t<div class=\"elementor-widget-wrap elementor-element-populated\">\n\t\t\t\t\t\t<div class=\"elementor-element elementor-element-e21e741 elementor-widget elementor-widget-image\" data-id=\"e21e741\" data-element_type=\"widget\" data-e-type=\"widget\" data-widget_type=\"image.default\">\n\t\t\t\t<div class=\"elementor-widget-container\">\n\t\t\t\t\t\t\t\t\t\t\t\t\t\t\t<img decoding=\"async\" width=\"800\" height=\"600\" src=\"https:\/\/bakkerflowservices.com\/wp-content\/uploads\/2024\/09\/Soundwall_-locatie-1-1024x768.jpg\" class=\"attachment-large size-large wp-image-6169\" alt=\"Sound Wall\" srcset=\"https:\/\/bakkerflowservices.com\/wp-content\/uploads\/2024\/09\/Soundwall_-locatie-1-1024x768.jpg 1024w, https:\/\/bakkerflowservices.com\/wp-content\/uploads\/2024\/09\/Soundwall_-locatie-1-300x225.jpg 300w, https:\/\/bakkerflowservices.com\/wp-content\/uploads\/2024\/09\/Soundwall_-locatie-1-768x576.jpg 768w, https:\/\/bakkerflowservices.com\/wp-content\/uploads\/2024\/09\/Soundwall_-locatie-1-1536x1152.jpg 1536w, https:\/\/bakkerflowservices.com\/wp-content\/uploads\/2024\/09\/Soundwall_-locatie-1-2048x1536.jpg 2048w\" sizes=\"(max-width: 800px) 100vw, 800px\" \/>\t\t\t\t\t\t\t\t\t\t\t\t\t\t\t<\/div>\n\t\t\t\t<\/div>\n\t\t\t\t\t<\/div>\n\t\t<\/div>\n\t\t\t\t<div class=\"elementor-column elementor-col-50 elementor-inner-column elementor-element elementor-element-6652401\" data-id=\"6652401\" data-element_type=\"column\" data-e-type=\"column\">\n\t\t\t<div class=\"elementor-widget-wrap elementor-element-populated\">\n\t\t\t\t\t\t<div class=\"elementor-element elementor-element-395eab7 elementor-widget elementor-widget-heading\" data-id=\"395eab7\" data-element_type=\"widget\" data-e-type=\"widget\" data-widget_type=\"heading.default\">\n\t\t\t\t<div class=\"elementor-widget-container\">\n\t\t\t\t\t<h2 class=\"elementor-heading-title elementor-size-default\">Schl\u00fcsselfertige L\u00f6sungen<\/h2>\t\t\t\t<\/div>\n\t\t\t\t<\/div>\n\t\t\t\t<div class=\"elementor-element elementor-element-53aaea1 elementor-widget elementor-widget-text-editor\" data-id=\"53aaea1\" data-element_type=\"widget\" data-e-type=\"widget\" data-widget_type=\"text-editor.default\">\n\t\t\t\t<div class=\"elementor-widget-container\">\n\t\t\t\t\t\t\t\t\t<p>Unsere Spezialisten freuen sich darauf, die beste L\u00f6sung f\u00fcr Ihren Schallschutzbedarf zu finden. Wir k\u00f6nnen den gesamten Prozess schl\u00fcsselfertig abwickeln, einschlie\u00dflich aller Vorbereitungen, des Transports zum Standort und der anschlie\u00dfenden Montage und Demontage der Paneele vor Ort. <\/p>\n\t\t\t\t\t\t\t\t<\/div>\n\t\t\t\t<\/div>\n\t\t\t\t\t<\/div>\n\t\t<\/div>\n\t\t\t\t\t<\/div>\n\t\t<\/section>\n\t\t\t\t\t<\/div>\n\t\t<\/div>\n\t\t\t\t\t<\/div>\n\t\t<\/section>\n\t\t\t\t<section class=\"elementor-section elementor-top-section elementor-element elementor-element-fed6adf elementor-section-boxed elementor-section-height-default elementor-section-height-default\" data-id=\"fed6adf\" data-element_type=\"section\" data-e-type=\"section\" data-settings=\"{&quot;jet_parallax_layout_list&quot;:[]}\">\n\t\t\t\t\t\t<div class=\"elementor-container elementor-column-gap-default\">\n\t\t\t\t\t<div class=\"elementor-column elementor-col-100 elementor-top-column elementor-element elementor-element-5da68b5\" data-id=\"5da68b5\" data-element_type=\"column\" data-e-type=\"column\">\n\t\t\t<div class=\"elementor-widget-wrap elementor-element-populated\">\n\t\t\t\t\t\t<div class=\"elementor-element elementor-element-bc0559b elementor-widget elementor-widget-spacer\" data-id=\"bc0559b\" data-element_type=\"widget\" data-e-type=\"widget\" data-widget_type=\"spacer.default\">\n\t\t\t\t<div class=\"elementor-widget-container\">\n\t\t\t\t\t\t\t<div class=\"elementor-spacer\">\n\t\t\t<div class=\"elementor-spacer-inner\"><\/div>\n\t\t<\/div>\n\t\t\t\t\t\t<\/div>\n\t\t\t\t<\/div>\n\t\t\t\t\t<\/div>\n\t\t<\/div>\n\t\t\t\t\t<\/div>\n\t\t<\/section>\n\t\t\t\t<section class=\"elementor-section elementor-top-section elementor-element elementor-element-d0aa246 jha-global-bottom elementor-section-boxed elementor-section-height-default elementor-section-height-default\" data-id=\"d0aa246\" data-element_type=\"section\" data-e-type=\"section\" data-settings=\"{&quot;jet_parallax_layout_list&quot;:[]}\">\n\t\t\t\t\t\t<div class=\"elementor-container elementor-column-gap-default\">\n\t\t\t\t\t<div class=\"elementor-column elementor-col-100 elementor-top-column elementor-element elementor-element-1809192\" data-id=\"1809192\" data-element_type=\"column\" data-e-type=\"column\" data-settings=\"{&quot;background_background&quot;:&quot;classic&quot;}\">\n\t\t\t<div class=\"elementor-widget-wrap elementor-element-populated\">\n\t\t\t\t\t\t<div class=\"elementor-element elementor-element-33453df elementor-widget elementor-widget-heading\" data-id=\"33453df\" data-element_type=\"widget\" data-e-type=\"widget\" data-widget_type=\"heading.default\">\n\t\t\t\t<div class=\"elementor-widget-container\">\n\t\t\t\t\t<h2 class=\"elementor-heading-title elementor-size-default\">F\u00fcr L\u00f6sungen ger\u00fcstet: Schallschutzwand<\/h2>\t\t\t\t<\/div>\n\t\t\t\t<\/div>\n\t\t\t\t<div class=\"elementor-element elementor-element-2a5d400 elementor-widget__width-initial elementor-widget elementor-widget-text-editor\" data-id=\"2a5d400\" data-element_type=\"widget\" data-e-type=\"widget\" data-widget_type=\"text-editor.default\">\n\t\t\t\t<div class=\"elementor-widget-container\">\n\t\t\t\t\t\t\t\t\t<p>Verbessern Sie Ihre Projekte mit Bakker Oilfield Supply, dem Partner f\u00fcr hochwertige Produkte und Dienstleistungen in den Bereichen nachhaltige Energie sowie \u00d6l- und Gasindustrie.<\/p>\n\t\t\t\t\t\t\t\t<\/div>\n\t\t\t\t<\/div>\n\t\t\t\t<div class=\"elementor-element elementor-element-0233d03 elementor-align-center common-btn elementor-widget elementor-widget-button\" data-id=\"0233d03\" data-element_type=\"widget\" data-e-type=\"widget\" data-widget_type=\"button.default\">\n\t\t\t\t<div class=\"elementor-widget-container\">\n\t\t\t\t\t\t\t\t\t<div class=\"elementor-button-wrapper\">\n\t\t\t\t\t<a class=\"elementor-button elementor-button-link elementor-size-sm\" href=\"https:\/\/bakkerflowservices.com\/de\/kontakt\/\">\n\t\t\t\t\t\t<span class=\"elementor-button-content-wrapper\">\n\t\t\t\t\t\t\t\t\t<span class=\"elementor-button-text\">Kontakt aufnehmen<\/span>\n\t\t\t\t\t<\/span>\n\t\t\t\t\t<\/a>\n\t\t\t\t<\/div>\n\t\t\t\t\t\t\t\t<\/div>\n\t\t\t\t<\/div>\n\t\t\t\t\t<\/div>\n\t\t<\/div>\n\t\t\t\t\t<\/div>\n\t\t<\/section>\n\t\t\t\t<\/div>\n\t\t","protected":false},"excerpt":{"rendered":"<p>Sie suchen nach einer zuverl\u00e4ssigen L\u00f6sung gegen L\u00e4rmbel\u00e4stigung? Dann sind Sie bei unserer Schallschutzwand genau richtig. Sie wurde entwickelt, um unerw\u00fcnschten L\u00e4rm zu reduzieren und die Umwelt zu sch\u00fctzen. Mit einer Gesamth\u00f6he von 10 Metern ist unsere Schallwand ein einzigartiges akustisches Schutzsystem. Es ist \u00fcberall dort unverzichtbar, wo die Umgebung vor L\u00e4rmbel\u00e4stigung gesch\u00fctzt werden muss. [&hellip;]<\/p>\n","protected":false},"author":3,"featured_media":6851,"parent":0,"menu_order":0,"comment_status":"closed","ping_status":"closed","template":"elementor_header_footer","meta":{"_acf_changed":false,"inline_featured_image":false,"footnotes":""},"class_list":["post-7070","page","type-page","status-publish","has-post-thumbnail","hentry"],"acf":[],"_links":{"self":[{"href":"https:\/\/bakkerflowservices.com\/de\/wp-json\/wp\/v2\/pages\/7070","targetHints":{"allow":["GET"]}}],"collection":[{"href":"https:\/\/bakkerflowservices.com\/de\/wp-json\/wp\/v2\/pages"}],"about":[{"href":"https:\/\/bakkerflowservices.com\/de\/wp-json\/wp\/v2\/types\/page"}],"author":[{"embeddable":true,"href":"https:\/\/bakkerflowservices.com\/de\/wp-json\/wp\/v2\/users\/3"}],"replies":[{"embeddable":true,"href":"https:\/\/bakkerflowservices.com\/de\/wp-json\/wp\/v2\/comments?post=7070"}],"version-history":[{"count":2,"href":"https:\/\/bakkerflowservices.com\/de\/wp-json\/wp\/v2\/pages\/7070\/revisions"}],"predecessor-version":[{"id":7482,"href":"https:\/\/bakkerflowservices.com\/de\/wp-json\/wp\/v2\/pages\/7070\/revisions\/7482"}],"wp:featuredmedia":[{"embeddable":true,"href":"https:\/\/bakkerflowservices.com\/de\/wp-json\/wp\/v2\/media\/6851"}],"wp:attachment":[{"href":"https:\/\/bakkerflowservices.com\/de\/wp-json\/wp\/v2\/media?parent=7070"}],"curies":[{"name":"wp","href":"https:\/\/api.w.org\/{rel}","templated":true}]}}