{"id":7083,"date":"2024-09-09T08:23:19","date_gmt":"2024-09-09T08:23:19","guid":{"rendered":"https:\/\/bakkeroilfieldsupply.nl\/karriere\/onze-collegas-aan-het-woord\/marije\/"},"modified":"2024-11-06T12:12:12","modified_gmt":"2024-11-06T12:12:12","slug":"marije","status":"publish","type":"page","link":"https:\/\/bakkerflowservices.com\/de\/karriere\/onze-collegas-aan-het-woord\/marije\/","title":{"rendered":"Onze collega&#8217;s aan het woord: Marije"},"content":{"rendered":"\t\t<div data-elementor-type=\"wp-page\" data-elementor-id=\"7083\" class=\"elementor elementor-7083 elementor-4327\" data-elementor-post-type=\"page\">\n\t\t\t\t\t\t<section class=\"elementor-section elementor-top-section elementor-element elementor-element-7db08969 elementor-section-boxed elementor-section-height-default elementor-section-height-default\" data-id=\"7db08969\" data-element_type=\"section\" data-e-type=\"section\" data-settings=\"{&quot;background_background&quot;:&quot;classic&quot;,&quot;jet_parallax_layout_list&quot;:[]}\">\n\t\t\t\t\t\t<div class=\"elementor-container elementor-column-gap-default\">\n\t\t\t\t\t<div class=\"elementor-column elementor-col-100 elementor-top-column elementor-element elementor-element-5b8a2b91\" data-id=\"5b8a2b91\" data-element_type=\"column\" data-e-type=\"column\" data-settings=\"{&quot;background_background&quot;:&quot;classic&quot;}\">\n\t\t\t<div class=\"elementor-widget-wrap elementor-element-populated\">\n\t\t\t\t\t\t\t<\/div>\n\t\t<\/div>\n\t\t\t\t\t<\/div>\n\t\t<\/section>\n\t\t\t\t<section class=\"elementor-section elementor-top-section elementor-element elementor-element-6930813 inner-second-section elementor-section-boxed elementor-section-height-default elementor-section-height-default\" data-id=\"6930813\" data-element_type=\"section\" data-e-type=\"section\" data-settings=\"{&quot;jet_parallax_layout_list&quot;:[]}\">\n\t\t\t\t\t\t<div class=\"elementor-container elementor-column-gap-default\">\n\t\t\t\t\t<div class=\"elementor-column elementor-col-100 elementor-top-column elementor-element elementor-element-42f2610\" data-id=\"42f2610\" data-element_type=\"column\" data-e-type=\"column\">\n\t\t\t<div class=\"elementor-widget-wrap elementor-element-populated\">\n\t\t\t\t\t\t<section class=\"elementor-section elementor-inner-section elementor-element elementor-element-e232154 elementor-section-boxed elementor-section-height-default elementor-section-height-default\" data-id=\"e232154\" data-element_type=\"section\" data-e-type=\"section\" data-settings=\"{&quot;jet_parallax_layout_list&quot;:[],&quot;background_background&quot;:&quot;classic&quot;}\">\n\t\t\t\t\t\t<div class=\"elementor-container elementor-column-gap-default\">\n\t\t\t\t\t<div class=\"elementor-column elementor-col-50 elementor-inner-column elementor-element elementor-element-316edda\" data-id=\"316edda\" data-element_type=\"column\" data-e-type=\"column\">\n\t\t\t<div class=\"elementor-widget-wrap elementor-element-populated\">\n\t\t\t\t\t\t<div class=\"elementor-element elementor-element-6753b9f elementor-widget elementor-widget-image\" data-id=\"6753b9f\" data-element_type=\"widget\" data-e-type=\"widget\" data-widget_type=\"image.default\">\n\t\t\t\t<div class=\"elementor-widget-container\">\n\t\t\t\t\t\t\t\t\t\t\t\t\t\t\t<img decoding=\"async\" src=\"https:\/\/bakkerflowservices.com\/wp-content\/uploads\/2024\/08\/6.png\" title=\"\" alt=\"\" loading=\"lazy\" \/>\t\t\t\t\t\t\t\t\t\t\t\t\t\t\t<\/div>\n\t\t\t\t<\/div>\n\t\t\t\t\t<\/div>\n\t\t<\/div>\n\t\t\t\t<div class=\"elementor-column elementor-col-50 elementor-inner-column elementor-element elementor-element-fb64cd7\" data-id=\"fb64cd7\" data-element_type=\"column\" data-e-type=\"column\">\n\t\t\t<div class=\"elementor-widget-wrap elementor-element-populated\">\n\t\t\t\t\t\t<div class=\"elementor-element elementor-element-c75b5ce elementor-widget elementor-widget-heading\" data-id=\"c75b5ce\" data-element_type=\"widget\" data-e-type=\"widget\" data-widget_type=\"heading.default\">\n\t\t\t\t<div class=\"elementor-widget-container\">\n\t\t\t\t\t<h2 class=\"elementor-heading-title elementor-size-default\">Marije<\/h2>\t\t\t\t<\/div>\n\t\t\t\t<\/div>\n\t\t\t\t<div class=\"elementor-element elementor-element-da8ca3b elementor-widget elementor-widget-heading\" data-id=\"da8ca3b\" data-element_type=\"widget\" data-e-type=\"widget\" data-widget_type=\"heading.default\">\n\t\t\t\t<div class=\"elementor-widget-container\">\n\t\t\t\t\t<h4 class=\"elementor-heading-title elementor-size-default\">Beauftragter f\u00fcr IT und Gehaltsabrechnung<\/h4>\t\t\t\t<\/div>\n\t\t\t\t<\/div>\n\t\t\t\t<div class=\"elementor-element elementor-element-ca229a9 elementor-widget elementor-widget-text-editor\" data-id=\"ca229a9\" data-element_type=\"widget\" data-e-type=\"widget\" data-widget_type=\"text-editor.default\">\n\t\t\t\t<div class=\"elementor-widget-container\">\n\t\t\t\t\t\t\t\t\t<p data-pm-slice=\"1 1 []\">&#8220;Mein Name ist Marije und ich habe im Januar 2020 bei Bakker Oilfield Supply als Rezeptionistin angefangen, wo ich auch die Finanzen \u00fcbernommen habe. Schnell wurde meine Rolle erweitert und im Jahr 2021 wurde ich in die IT-Abteilung berufen. <\/p>\n<\/p>\n<p>Seit 2022 bin ich in der Lohn- und Gehaltsverwaltung t\u00e4tig, was sich auch auf meine eigentliche Funktion als IT &amp; Payroll Officer auswirkt.<\/p>\n<\/p>\n<p>Mein Hintergrund liegt im Gastgewerbe. Nach der \u00dcbernahme eines MBO-opleiding Facility Services und eines koksopleiding, zette ich mein Studium an der Hogeschool in International Hospitality Management fort. <\/p>\n<\/p>\n<p>In 2022 heb ik de Praktijkdiploma Loonadministratie afgerond om mijn kennis op het gebied van salarisadministratie verder te verdiepen.<\/p>\n<\/p>\n<p>Was meine Arbeit so faszinierend macht, ist die Vielseitigkeit meiner Arbeit. Von der Kontrolle und dem Verarbeiten von Daten f\u00fcr die Gehaltsadministration bis hin zum Aufbau von Systemen und dem Angebot von IT-Sonderl\u00f6sungen. Ich beginne meinen Tag meistens mit einem Kopfsprung und der Erledigung meiner Mailbox, w\u00e4hrend ich f\u00fcr den Rest des Tages eine To-Do-Liste erstelle. Am Ende des Tages berate ich mich regelm\u00e4\u00dfig mit meinen Managern und Kollegen \u00fcber neue Aufgaben und Projekte.   <\/p>\n<\/p>\n<p>Was ich bei Bakker Oilfield Supply so sch\u00f6n finde, ist das warme und angenehme Arbeitsklima. Jeder ist bereit, Ihnen zu helfen, um das beste Ergebnis zu erzielen. Dar\u00fcber hinaus haben Sie die M\u00f6glichkeit, zu wachsen und sich selbst weiterzuentwickeln.&#8221;  <\/p>\n\t\t\t\t\t\t\t\t<\/div>\n\t\t\t\t<\/div>\n\t\t\t\t\t<\/div>\n\t\t<\/div>\n\t\t\t\t\t<\/div>\n\t\t<\/section>\n\t\t\t\t\t<\/div>\n\t\t<\/div>\n\t\t\t\t\t<\/div>\n\t\t<\/section>\n\t\t\t\t<\/div>\n\t\t","protected":false},"excerpt":{"rendered":"<p>Marije Beauftragter f\u00fcr IT und Gehaltsabrechnung &#8220;Mein Name ist Marije und ich habe im Januar 2020 bei Bakker Oilfield Supply als Rezeptionistin angefangen, wo ich auch die Finanzen \u00fcbernommen habe. Schnell wurde meine Rolle erweitert und im Jahr 2021 wurde ich in die IT-Abteilung berufen. Seit 2022 bin ich in der Lohn- und Gehaltsverwaltung t\u00e4tig, [&hellip;]<\/p>\n","protected":false},"author":1,"featured_media":6723,"parent":6906,"menu_order":0,"comment_status":"closed","ping_status":"closed","template":"elementor_header_footer","meta":{"_acf_changed":false,"inline_featured_image":false,"footnotes":""},"class_list":["post-7083","page","type-page","status-publish","has-post-thumbnail","hentry"],"acf":[],"_links":{"self":[{"href":"https:\/\/bakkerflowservices.com\/de\/wp-json\/wp\/v2\/pages\/7083","targetHints":{"allow":["GET"]}}],"collection":[{"href":"https:\/\/bakkerflowservices.com\/de\/wp-json\/wp\/v2\/pages"}],"about":[{"href":"https:\/\/bakkerflowservices.com\/de\/wp-json\/wp\/v2\/types\/page"}],"author":[{"embeddable":true,"href":"https:\/\/bakkerflowservices.com\/de\/wp-json\/wp\/v2\/users\/1"}],"replies":[{"embeddable":true,"href":"https:\/\/bakkerflowservices.com\/de\/wp-json\/wp\/v2\/comments?post=7083"}],"version-history":[{"count":4,"href":"https:\/\/bakkerflowservices.com\/de\/wp-json\/wp\/v2\/pages\/7083\/revisions"}],"predecessor-version":[{"id":7755,"href":"https:\/\/bakkerflowservices.com\/de\/wp-json\/wp\/v2\/pages\/7083\/revisions\/7755"}],"up":[{"embeddable":true,"href":"https:\/\/bakkerflowservices.com\/de\/wp-json\/wp\/v2\/pages\/6906"}],"wp:featuredmedia":[{"embeddable":true,"href":"https:\/\/bakkerflowservices.com\/de\/wp-json\/wp\/v2\/media\/6723"}],"wp:attachment":[{"href":"https:\/\/bakkerflowservices.com\/de\/wp-json\/wp\/v2\/media?parent=7083"}],"curies":[{"name":"wp","href":"https:\/\/api.w.org\/{rel}","templated":true}]}}