{"id":7088,"date":"2024-09-09T08:19:02","date_gmt":"2024-09-09T08:19:02","guid":{"rendered":"https:\/\/bakkeroilfieldsupply.nl\/karriere\/onze-collegas-aan-het-woord\/joel\/"},"modified":"2024-11-06T12:03:44","modified_gmt":"2024-11-06T12:03:44","slug":"joel","status":"publish","type":"page","link":"https:\/\/bakkerflowservices.com\/de\/karriere\/onze-collegas-aan-het-woord\/joel\/","title":{"rendered":"Onze collega&#8217;s aan het woord: Jo\u00ebl"},"content":{"rendered":"\t\t<div data-elementor-type=\"wp-page\" data-elementor-id=\"7088\" class=\"elementor elementor-7088 elementor-4309\" data-elementor-post-type=\"page\">\n\t\t\t\t\t\t<section class=\"elementor-section elementor-top-section elementor-element elementor-element-7db08969 elementor-section-boxed elementor-section-height-default elementor-section-height-default\" data-id=\"7db08969\" data-element_type=\"section\" data-e-type=\"section\" data-settings=\"{&quot;background_background&quot;:&quot;classic&quot;,&quot;jet_parallax_layout_list&quot;:[]}\">\n\t\t\t\t\t\t<div class=\"elementor-container elementor-column-gap-default\">\n\t\t\t\t\t<div class=\"elementor-column elementor-col-100 elementor-top-column elementor-element elementor-element-5b8a2b91\" data-id=\"5b8a2b91\" data-element_type=\"column\" data-e-type=\"column\" data-settings=\"{&quot;background_background&quot;:&quot;classic&quot;}\">\n\t\t\t<div class=\"elementor-widget-wrap elementor-element-populated\">\n\t\t\t\t\t\t\t<\/div>\n\t\t<\/div>\n\t\t\t\t\t<\/div>\n\t\t<\/section>\n\t\t\t\t<section class=\"elementor-section elementor-top-section elementor-element elementor-element-6930813 inner-second-section elementor-section-boxed elementor-section-height-default elementor-section-height-default\" data-id=\"6930813\" data-element_type=\"section\" data-e-type=\"section\" data-settings=\"{&quot;jet_parallax_layout_list&quot;:[]}\">\n\t\t\t\t\t\t<div class=\"elementor-container elementor-column-gap-default\">\n\t\t\t\t\t<div class=\"elementor-column elementor-col-100 elementor-top-column elementor-element elementor-element-42f2610\" data-id=\"42f2610\" data-element_type=\"column\" data-e-type=\"column\">\n\t\t\t<div class=\"elementor-widget-wrap elementor-element-populated\">\n\t\t\t\t\t\t<section class=\"elementor-section elementor-inner-section elementor-element elementor-element-e232154 elementor-section-boxed elementor-section-height-default elementor-section-height-default\" data-id=\"e232154\" data-element_type=\"section\" data-e-type=\"section\" data-settings=\"{&quot;jet_parallax_layout_list&quot;:[],&quot;background_background&quot;:&quot;classic&quot;}\">\n\t\t\t\t\t\t<div class=\"elementor-container elementor-column-gap-default\">\n\t\t\t\t\t<div class=\"elementor-column elementor-col-50 elementor-inner-column elementor-element elementor-element-316edda\" data-id=\"316edda\" data-element_type=\"column\" data-e-type=\"column\">\n\t\t\t<div class=\"elementor-widget-wrap elementor-element-populated\">\n\t\t\t\t\t\t<div class=\"elementor-element elementor-element-6753b9f elementor-widget elementor-widget-image\" data-id=\"6753b9f\" data-element_type=\"widget\" data-e-type=\"widget\" data-widget_type=\"image.default\">\n\t\t\t\t<div class=\"elementor-widget-container\">\n\t\t\t\t\t\t\t\t\t\t\t\t\t\t\t<img fetchpriority=\"high\" decoding=\"async\" width=\"864\" height=\"1080\" src=\"https:\/\/bakkerflowservices.com\/wp-content\/uploads\/2024\/08\/3.png\" class=\"attachment-full size-full wp-image-3599\" alt=\"\" srcset=\"https:\/\/bakkerflowservices.com\/wp-content\/uploads\/2024\/08\/3.png 864w, https:\/\/bakkerflowservices.com\/wp-content\/uploads\/2024\/08\/3-240x300.png 240w, https:\/\/bakkerflowservices.com\/wp-content\/uploads\/2024\/08\/3-819x1024.png 819w, https:\/\/bakkerflowservices.com\/wp-content\/uploads\/2024\/08\/3-768x960.png 768w\" sizes=\"(max-width: 864px) 100vw, 864px\" \/>\t\t\t\t\t\t\t\t\t\t\t\t\t\t\t<\/div>\n\t\t\t\t<\/div>\n\t\t\t\t\t<\/div>\n\t\t<\/div>\n\t\t\t\t<div class=\"elementor-column elementor-col-50 elementor-inner-column elementor-element elementor-element-fb64cd7\" data-id=\"fb64cd7\" data-element_type=\"column\" data-e-type=\"column\">\n\t\t\t<div class=\"elementor-widget-wrap elementor-element-populated\">\n\t\t\t\t\t\t<div class=\"elementor-element elementor-element-c75b5ce elementor-widget elementor-widget-heading\" data-id=\"c75b5ce\" data-element_type=\"widget\" data-e-type=\"widget\" data-widget_type=\"heading.default\">\n\t\t\t\t<div class=\"elementor-widget-container\">\n\t\t\t\t\t<h2 class=\"elementor-heading-title elementor-size-default\">Jo\u00ebl<\/h2>\t\t\t\t<\/div>\n\t\t\t\t<\/div>\n\t\t\t\t<div class=\"elementor-element elementor-element-da8ca3b elementor-widget elementor-widget-heading\" data-id=\"da8ca3b\" data-element_type=\"widget\" data-e-type=\"widget\" data-widget_type=\"heading.default\">\n\t\t\t\t<div class=\"elementor-widget-container\">\n\t\t\t\t\t<h4 class=\"elementor-heading-title elementor-size-default\">Manager Projekte &amp; Technik  <\/h4>\t\t\t\t<\/div>\n\t\t\t\t<\/div>\n\t\t\t\t<div class=\"elementor-element elementor-element-ca229a9 elementor-widget elementor-widget-text-editor\" data-id=\"ca229a9\" data-element_type=\"widget\" data-e-type=\"widget\" data-widget_type=\"text-editor.default\">\n\t\t\t\t<div class=\"elementor-widget-container\">\n\t\t\t\t\t\t\t\t\t<p data-pm-slice=\"1 1 []\">&#8220;Mein Name ist Joel und ich arbeite als Manager Projects &amp; Engineering bei Bakker Oilfield Supply. W\u00e4hrend meines Studiums der Arbeitswissenschaft habe ich hier als Wellservice Engineer begonnen und bin seither in verschiedenen Funktionen t\u00e4tig. Au\u00dferdem habe ich mich auf kommerzielle Aktivit\u00e4ten mit Schwerpunkt auf Bohrlochtests und Geothermie spezialisiert. Ab Juli 2023 liegt mein Fokus noch st\u00e4rker auf der Projekt- und Ingenieursarbeit, und in meiner Rolle als Manager bin ich f\u00fcr diese Aufgabe verantwortlich.   <\/p>\n<\/p>\n<p>Meine Aufgabe besteht darin, eine breite Palette von Aufgaben zu \u00fcbernehmen. Ich koordiniere, \u00fcberwache den Projektverlauf und leite die Abteilung Projects &amp; Engineering, die aus 7 Mitarbeitern besteht. Au\u00dferdem bin ich indirekt f\u00fcr den Bereich Field Operations zust\u00e4ndig. Mein Arbeitstag beginnt meistens um 7:30 Uhr mit dem Versenden von E-Mails \u00fcber neue Projekte und technische Fragen, die noch nicht abgeschlossen sind.   <\/p>\n<\/p>\n<p>Ein wichtiger Bestandteil meiner Arbeit ist die sorgf\u00e4ltige Definition des Arbeitsumfangs und die Durchf\u00fchrung von Projekten, wobei ich sowohl mit internen als auch mit externen Kunden zusammenarbeite. Au\u00dferdem bin ich f\u00fcr die Erstellung einer detaillierten Projektplanung und eines Aktionsplans zust\u00e4ndig. Regelm\u00e4\u00dfige Absprachen mit meinem eigenen Team, aber auch mit dem Vertrieb und QHSE sind unerl\u00e4sslich, um Projekte zum Erfolg zu f\u00fchren.  <\/p>\n<\/p>\n<p>Was ich an der Arbeit bei BOS so toll finde, ist die Flexibilit\u00e4t und die Dynamik, mit der wir uns einarbeiten und wachsen. Es gibt viele M\u00f6glichkeiten, neue Ger\u00e4te zu entwickeln und zu nutzen, so dass wir die besten L\u00f6sungen f\u00fcr unsere Kunden anbieten k\u00f6nnen. <\/p>\n<\/p>\n<p>Daarnaast is de samenwerking met collega&#8217;s fantastisch; we halen het best in elkaar naar boven door de korte communicatielijnen within het bedrijf. Als je energie steekt in iets, krijg je volop steun om het daadwerkelijk te realiseren.&#8221; <\/p>\n\t\t\t\t\t\t\t\t<\/div>\n\t\t\t\t<\/div>\n\t\t\t\t\t<\/div>\n\t\t<\/div>\n\t\t\t\t\t<\/div>\n\t\t<\/section>\n\t\t\t\t\t<\/div>\n\t\t<\/div>\n\t\t\t\t\t<\/div>\n\t\t<\/section>\n\t\t\t\t<\/div>\n\t\t","protected":false},"excerpt":{"rendered":"<p>Jo\u00ebl Manager Projekte &amp; Technik &#8220;Mein Name ist Joel und ich arbeite als Manager Projects &amp; Engineering bei Bakker Oilfield Supply. W\u00e4hrend meines Studiums der Arbeitswissenschaft habe ich hier als Wellservice Engineer begonnen und bin seither in verschiedenen Funktionen t\u00e4tig. Au\u00dferdem habe ich mich auf kommerzielle Aktivit\u00e4ten mit Schwerpunkt auf Bohrlochtests und Geothermie spezialisiert. Ab [&hellip;]<\/p>\n","protected":false},"author":1,"featured_media":6723,"parent":6906,"menu_order":0,"comment_status":"closed","ping_status":"closed","template":"elementor_header_footer","meta":{"_acf_changed":false,"inline_featured_image":false,"footnotes":""},"class_list":["post-7088","page","type-page","status-publish","has-post-thumbnail","hentry"],"acf":[],"_links":{"self":[{"href":"https:\/\/bakkerflowservices.com\/de\/wp-json\/wp\/v2\/pages\/7088","targetHints":{"allow":["GET"]}}],"collection":[{"href":"https:\/\/bakkerflowservices.com\/de\/wp-json\/wp\/v2\/pages"}],"about":[{"href":"https:\/\/bakkerflowservices.com\/de\/wp-json\/wp\/v2\/types\/page"}],"author":[{"embeddable":true,"href":"https:\/\/bakkerflowservices.com\/de\/wp-json\/wp\/v2\/users\/1"}],"replies":[{"embeddable":true,"href":"https:\/\/bakkerflowservices.com\/de\/wp-json\/wp\/v2\/comments?post=7088"}],"version-history":[{"count":4,"href":"https:\/\/bakkerflowservices.com\/de\/wp-json\/wp\/v2\/pages\/7088\/revisions"}],"predecessor-version":[{"id":7727,"href":"https:\/\/bakkerflowservices.com\/de\/wp-json\/wp\/v2\/pages\/7088\/revisions\/7727"}],"up":[{"embeddable":true,"href":"https:\/\/bakkerflowservices.com\/de\/wp-json\/wp\/v2\/pages\/6906"}],"wp:featuredmedia":[{"embeddable":true,"href":"https:\/\/bakkerflowservices.com\/de\/wp-json\/wp\/v2\/media\/6723"}],"wp:attachment":[{"href":"https:\/\/bakkerflowservices.com\/de\/wp-json\/wp\/v2\/media?parent=7088"}],"curies":[{"name":"wp","href":"https:\/\/api.w.org\/{rel}","templated":true}]}}