{"id":7095,"date":"2024-09-09T08:15:02","date_gmt":"2024-09-09T08:15:02","guid":{"rendered":"https:\/\/bakkeroilfieldsupply.nl\/karriere\/onze-collegas-aan-het-woord\/roy\/"},"modified":"2024-11-06T12:09:40","modified_gmt":"2024-11-06T12:09:40","slug":"roy","status":"publish","type":"page","link":"https:\/\/bakkerflowservices.com\/de\/karriere\/onze-collegas-aan-het-woord\/roy\/","title":{"rendered":"Onze collega&#8217;s aan het woord: Roy"},"content":{"rendered":"\t\t<div data-elementor-type=\"wp-page\" data-elementor-id=\"7095\" class=\"elementor elementor-7095 elementor-4301\" data-elementor-post-type=\"page\">\n\t\t\t\t\t\t<section class=\"elementor-section elementor-top-section elementor-element elementor-element-7db08969 elementor-section-boxed elementor-section-height-default elementor-section-height-default\" data-id=\"7db08969\" data-element_type=\"section\" data-e-type=\"section\" data-settings=\"{&quot;background_background&quot;:&quot;classic&quot;,&quot;jet_parallax_layout_list&quot;:[]}\">\n\t\t\t\t\t\t<div class=\"elementor-container elementor-column-gap-default\">\n\t\t\t\t\t<div class=\"elementor-column elementor-col-100 elementor-top-column elementor-element elementor-element-5b8a2b91\" data-id=\"5b8a2b91\" data-element_type=\"column\" data-e-type=\"column\" data-settings=\"{&quot;background_background&quot;:&quot;classic&quot;}\">\n\t\t\t<div class=\"elementor-widget-wrap elementor-element-populated\">\n\t\t\t\t\t\t\t<\/div>\n\t\t<\/div>\n\t\t\t\t\t<\/div>\n\t\t<\/section>\n\t\t\t\t<section class=\"elementor-section elementor-top-section elementor-element elementor-element-6930813 inner-second-section elementor-section-boxed elementor-section-height-default elementor-section-height-default\" data-id=\"6930813\" data-element_type=\"section\" data-e-type=\"section\" data-settings=\"{&quot;jet_parallax_layout_list&quot;:[]}\">\n\t\t\t\t\t\t<div class=\"elementor-container elementor-column-gap-default\">\n\t\t\t\t\t<div class=\"elementor-column elementor-col-100 elementor-top-column elementor-element elementor-element-42f2610\" data-id=\"42f2610\" data-element_type=\"column\" data-e-type=\"column\">\n\t\t\t<div class=\"elementor-widget-wrap elementor-element-populated\">\n\t\t\t\t\t\t<section class=\"elementor-section elementor-inner-section elementor-element elementor-element-e232154 elementor-section-boxed elementor-section-height-default elementor-section-height-default\" data-id=\"e232154\" data-element_type=\"section\" data-e-type=\"section\" data-settings=\"{&quot;jet_parallax_layout_list&quot;:[],&quot;background_background&quot;:&quot;classic&quot;}\">\n\t\t\t\t\t\t<div class=\"elementor-container elementor-column-gap-default\">\n\t\t\t\t\t<div class=\"elementor-column elementor-col-50 elementor-inner-column elementor-element elementor-element-316edda\" data-id=\"316edda\" data-element_type=\"column\" data-e-type=\"column\">\n\t\t\t<div class=\"elementor-widget-wrap elementor-element-populated\">\n\t\t\t\t\t\t<div class=\"elementor-element elementor-element-6753b9f elementor-widget elementor-widget-image\" data-id=\"6753b9f\" data-element_type=\"widget\" data-e-type=\"widget\" data-widget_type=\"image.default\">\n\t\t\t\t<div class=\"elementor-widget-container\">\n\t\t\t\t\t\t\t\t\t\t\t\t\t\t\t<img fetchpriority=\"high\" decoding=\"async\" width=\"864\" height=\"1080\" src=\"https:\/\/bakkerflowservices.com\/wp-content\/uploads\/2024\/08\/2.png\" class=\"attachment-full size-full wp-image-3595\" alt=\"\" srcset=\"https:\/\/bakkerflowservices.com\/wp-content\/uploads\/2024\/08\/2.png 864w, https:\/\/bakkerflowservices.com\/wp-content\/uploads\/2024\/08\/2-240x300.png 240w, https:\/\/bakkerflowservices.com\/wp-content\/uploads\/2024\/08\/2-819x1024.png 819w, https:\/\/bakkerflowservices.com\/wp-content\/uploads\/2024\/08\/2-768x960.png 768w\" sizes=\"(max-width: 864px) 100vw, 864px\" \/>\t\t\t\t\t\t\t\t\t\t\t\t\t\t\t<\/div>\n\t\t\t\t<\/div>\n\t\t\t\t\t<\/div>\n\t\t<\/div>\n\t\t\t\t<div class=\"elementor-column elementor-col-50 elementor-inner-column elementor-element elementor-element-fb64cd7\" data-id=\"fb64cd7\" data-element_type=\"column\" data-e-type=\"column\">\n\t\t\t<div class=\"elementor-widget-wrap elementor-element-populated\">\n\t\t\t\t\t\t<div class=\"elementor-element elementor-element-c75b5ce elementor-widget elementor-widget-heading\" data-id=\"c75b5ce\" data-element_type=\"widget\" data-e-type=\"widget\" data-widget_type=\"heading.default\">\n\t\t\t\t<div class=\"elementor-widget-container\">\n\t\t\t\t\t<h2 class=\"elementor-heading-title elementor-size-default\">Roy<\/h2>\t\t\t\t<\/div>\n\t\t\t\t<\/div>\n\t\t\t\t<div class=\"elementor-element elementor-element-da8ca3b elementor-widget elementor-widget-heading\" data-id=\"da8ca3b\" data-element_type=\"widget\" data-e-type=\"widget\" data-widget_type=\"heading.default\">\n\t\t\t\t<div class=\"elementor-widget-container\">\n\t\t\t\t\t<h4 class=\"elementor-heading-title elementor-size-default\">Koordinator Wartung &amp; Inspektion<\/h4>\t\t\t\t<\/div>\n\t\t\t\t<\/div>\n\t\t\t\t<div class=\"elementor-element elementor-element-ca229a9 elementor-widget elementor-widget-text-editor\" data-id=\"ca229a9\" data-element_type=\"widget\" data-e-type=\"widget\" data-widget_type=\"text-editor.default\">\n\t\t\t\t<div class=\"elementor-widget-container\">\n\t\t\t\t\t\t\t\t\t<p data-pm-slice=\"1 1 []\">Mein Name ist Roy und ich arbeite als Co\u00f6rdinator Inspectie &amp; Onderhoud bei Bakker Oilfield Supply.<\/p>\n<\/p>\n<p>Von klein auf war ich B\u00e4cker, aber ich f\u00fchlte mich sehr wohl in der Welt der technischen Arbeitsabl\u00e4ufe. Ich begann meine Karriere als Arbeitsvermittler, zun\u00e4chst in den Werkst\u00e4tten und sp\u00e4ter vor Ort. Danach habe ich die Funktion des Koordinators f\u00fcr die Personalverwaltung \u00fcbernommen.  <\/p>\n<\/p>\n<p>Momentan bin ich damit besch\u00e4ftigt, die Rolle des Co\u00f6rdinator Inspectie &amp; Onderhoud zu \u00fcbernehmen, da ich sowohl f\u00fcr BOS als auch f\u00fcr unsere Kunden f\u00fcr die Werksabnahme, die Planung von Werksanlagen und die Zertifizierung zust\u00e4ndig bin.<\/p>\n<\/p>\n<p>Mein Tag beginnt sehr fr\u00fch, um 06:45 Uhr, mit einem Kaffee und dem Verfassen von Zertifikaten, um zu erfahren, dass alles auf dem neuesten Stand ist. Was meine Arbeit besonders macht, ist die Vielfalt; kein Tag ist wie der andere. Wenn es darum geht, einen Onderhoudsklus zu erstellen oder Zertifikate zu erstellen, bin ich mit dem gesamten Prozess vertraut.  <\/p>\n<\/p>\n<p>Was ich wirklich sch\u00e4tze, ist das Arbeiten mit einem starken Team. Gemeinsam mit meinen Kollegen streben wir danach, jeden Aspekt des Entwicklungsprozesses zum Erfolg zu f\u00fchren. <\/p>\n<\/p>\n<p>Ich habe viel Energie f\u00fcr die Planung von Auftr\u00e4gen, das Leiden von Werkzeugen und die Arbeit mit meinen Kollegen. Egal ob es sich um neue Aufgaben oder um eine gute Arbeit handelt, es ist gro\u00dfartig, wenn Sie sich auf unser enthusiastisches Team verlassen k\u00f6nnen, das eine gro\u00dfe Leidenschaft f\u00fcr das hat, was wir tun. <\/p>\n\t\t\t\t\t\t\t\t<\/div>\n\t\t\t\t<\/div>\n\t\t\t\t\t<\/div>\n\t\t<\/div>\n\t\t\t\t\t<\/div>\n\t\t<\/section>\n\t\t\t\t\t<\/div>\n\t\t<\/div>\n\t\t\t\t\t<\/div>\n\t\t<\/section>\n\t\t\t\t<\/div>\n\t\t","protected":false},"excerpt":{"rendered":"<p>Roy Koordinator Wartung &amp; Inspektion Mein Name ist Roy und ich arbeite als Co\u00f6rdinator Inspectie &amp; Onderhoud bei Bakker Oilfield Supply. Von klein auf war ich B\u00e4cker, aber ich f\u00fchlte mich sehr wohl in der Welt der technischen Arbeitsabl\u00e4ufe. Ich begann meine Karriere als Arbeitsvermittler, zun\u00e4chst in den Werkst\u00e4tten und sp\u00e4ter vor Ort. Danach habe [&hellip;]<\/p>\n","protected":false},"author":1,"featured_media":6723,"parent":6906,"menu_order":0,"comment_status":"closed","ping_status":"closed","template":"elementor_header_footer","meta":{"_acf_changed":false,"inline_featured_image":false,"footnotes":""},"class_list":["post-7095","page","type-page","status-publish","has-post-thumbnail","hentry"],"acf":[],"_links":{"self":[{"href":"https:\/\/bakkerflowservices.com\/de\/wp-json\/wp\/v2\/pages\/7095","targetHints":{"allow":["GET"]}}],"collection":[{"href":"https:\/\/bakkerflowservices.com\/de\/wp-json\/wp\/v2\/pages"}],"about":[{"href":"https:\/\/bakkerflowservices.com\/de\/wp-json\/wp\/v2\/types\/page"}],"author":[{"embeddable":true,"href":"https:\/\/bakkerflowservices.com\/de\/wp-json\/wp\/v2\/users\/1"}],"replies":[{"embeddable":true,"href":"https:\/\/bakkerflowservices.com\/de\/wp-json\/wp\/v2\/comments?post=7095"}],"version-history":[{"count":4,"href":"https:\/\/bakkerflowservices.com\/de\/wp-json\/wp\/v2\/pages\/7095\/revisions"}],"predecessor-version":[{"id":7748,"href":"https:\/\/bakkerflowservices.com\/de\/wp-json\/wp\/v2\/pages\/7095\/revisions\/7748"}],"up":[{"embeddable":true,"href":"https:\/\/bakkerflowservices.com\/de\/wp-json\/wp\/v2\/pages\/6906"}],"wp:featuredmedia":[{"embeddable":true,"href":"https:\/\/bakkerflowservices.com\/de\/wp-json\/wp\/v2\/media\/6723"}],"wp:attachment":[{"href":"https:\/\/bakkerflowservices.com\/de\/wp-json\/wp\/v2\/media?parent=7095"}],"curies":[{"name":"wp","href":"https:\/\/api.w.org\/{rel}","templated":true}]}}