{"id":7099,"date":"2024-07-18T10:25:17","date_gmt":"2024-07-18T10:25:17","guid":{"rendered":"https:\/\/bakkeroilfieldsupply.nl\/haftungsausschluss\/"},"modified":"2024-10-22T08:57:37","modified_gmt":"2024-10-22T08:57:37","slug":"haftungsausschluss","status":"publish","type":"page","link":"https:\/\/bakkerflowservices.com\/de\/haftungsausschluss\/","title":{"rendered":"Haftungsausschluss"},"content":{"rendered":"\t\t<div data-elementor-type=\"wp-page\" data-elementor-id=\"7099\" class=\"elementor elementor-7099 elementor-2583\" data-elementor-post-type=\"page\">\n\t\t\t\t\t\t<section class=\"elementor-section elementor-top-section elementor-element elementor-element-577394 elementor-section-boxed elementor-section-height-default elementor-section-height-default\" data-id=\"577394\" data-element_type=\"section\" data-e-type=\"section\" data-settings=\"{&quot;background_background&quot;:&quot;classic&quot;,&quot;jet_parallax_layout_list&quot;:[]}\">\n\t\t\t\t\t\t<div class=\"elementor-container elementor-column-gap-default\">\n\t\t\t\t\t<div class=\"elementor-column elementor-col-100 elementor-top-column elementor-element elementor-element-8d247d1\" data-id=\"8d247d1\" data-element_type=\"column\" data-e-type=\"column\" data-settings=\"{&quot;background_background&quot;:&quot;classic&quot;}\">\n\t\t\t<div class=\"elementor-widget-wrap elementor-element-populated\">\n\t\t\t\t\t\t\t<\/div>\n\t\t<\/div>\n\t\t\t\t\t<\/div>\n\t\t<\/section>\n\t\t\t\t<section class=\"elementor-section elementor-top-section elementor-element elementor-element-34f2975 inner-second-section elementor-section-boxed elementor-section-height-default elementor-section-height-default\" data-id=\"34f2975\" data-element_type=\"section\" data-e-type=\"section\" data-settings=\"{&quot;jet_parallax_layout_list&quot;:[]}\">\n\t\t\t\t\t\t<div class=\"elementor-container elementor-column-gap-default\">\n\t\t\t\t\t<div class=\"elementor-column elementor-col-100 elementor-top-column elementor-element elementor-element-86acf25\" data-id=\"86acf25\" data-element_type=\"column\" data-e-type=\"column\">\n\t\t\t<div class=\"elementor-widget-wrap elementor-element-populated\">\n\t\t\t\t\t\t<div class=\"elementor-element elementor-element-0f7fa46 elementor-widget elementor-widget-text-editor\" data-id=\"0f7fa46\" data-element_type=\"widget\" data-e-type=\"widget\" data-widget_type=\"text-editor.default\">\n\t\t\t\t<div class=\"elementor-widget-container\">\n\t\t\t\t\t\t\t\t\t<p>Bakker Oilfield Supply ist bestrebt, korrekte und aktuelle Informationen auf oder \u00fcber diese Website bereitzustellen. Wir k\u00f6nnen jedoch nicht garantieren, dass die Informationen zum Zeitpunkt ihres Erhalts korrekt sind. Bakker Oilfield Supply haftet nicht f\u00fcr Ungenauigkeiten oder Unvollst\u00e4ndigkeiten auf der Website. Au\u00dferdem haftet Bakker Oilfield Supply nicht f\u00fcr die Folgen der Nutzung dieser Informationen. Das Urheberrecht an Informationen, die \u00fcber Links zug\u00e4nglich sind, liegt beim Eigent\u00fcmer der jeweiligen Seiten. Dies gilt auch f\u00fcr alle verwendeten Marken und Logos.     <\/p>\n\t\t\t\t\t\t\t\t<\/div>\n\t\t\t\t<\/div>\n\t\t\t\t\t<\/div>\n\t\t<\/div>\n\t\t\t\t\t<\/div>\n\t\t<\/section>\n\t\t\t\t<\/div>\n\t\t","protected":false},"excerpt":{"rendered":"<p>Bakker Oilfield Supply ist bestrebt, korrekte und aktuelle Informationen auf oder \u00fcber diese Website bereitzustellen. Wir k\u00f6nnen jedoch nicht garantieren, dass die Informationen zum Zeitpunkt ihres Erhalts korrekt sind. Bakker Oilfield Supply haftet nicht f\u00fcr Ungenauigkeiten oder Unvollst\u00e4ndigkeiten auf der Website. Au\u00dferdem haftet Bakker Oilfield Supply nicht f\u00fcr die Folgen der Nutzung dieser Informationen. Das [&hellip;]<\/p>\n","protected":false},"author":1,"featured_media":0,"parent":0,"menu_order":0,"comment_status":"closed","ping_status":"closed","template":"","meta":{"_acf_changed":false,"inline_featured_image":false,"footnotes":""},"class_list":["post-7099","page","type-page","status-publish","hentry"],"acf":[],"_links":{"self":[{"href":"https:\/\/bakkerflowservices.com\/de\/wp-json\/wp\/v2\/pages\/7099","targetHints":{"allow":["GET"]}}],"collection":[{"href":"https:\/\/bakkerflowservices.com\/de\/wp-json\/wp\/v2\/pages"}],"about":[{"href":"https:\/\/bakkerflowservices.com\/de\/wp-json\/wp\/v2\/types\/page"}],"author":[{"embeddable":true,"href":"https:\/\/bakkerflowservices.com\/de\/wp-json\/wp\/v2\/users\/1"}],"replies":[{"embeddable":true,"href":"https:\/\/bakkerflowservices.com\/de\/wp-json\/wp\/v2\/comments?post=7099"}],"version-history":[{"count":1,"href":"https:\/\/bakkerflowservices.com\/de\/wp-json\/wp\/v2\/pages\/7099\/revisions"}],"predecessor-version":[{"id":7101,"href":"https:\/\/bakkerflowservices.com\/de\/wp-json\/wp\/v2\/pages\/7099\/revisions\/7101"}],"wp:attachment":[{"href":"https:\/\/bakkerflowservices.com\/de\/wp-json\/wp\/v2\/media?parent=7099"}],"curies":[{"name":"wp","href":"https:\/\/api.w.org\/{rel}","templated":true}]}}