{"id":7103,"date":"2024-09-09T08:06:24","date_gmt":"2024-09-09T08:06:24","guid":{"rendered":"https:\/\/bakkeroilfieldsupply.nl\/karriere\/onze-collegas-aan-het-woord\/marc\/"},"modified":"2024-11-06T12:07:43","modified_gmt":"2024-11-06T12:07:43","slug":"marc","status":"publish","type":"page","link":"https:\/\/bakkerflowservices.com\/de\/karriere\/onze-collegas-aan-het-woord\/marc\/","title":{"rendered":"Onze collega&#8217;s aan het woord: Marc"},"content":{"rendered":"\t\t<div data-elementor-type=\"wp-page\" data-elementor-id=\"7103\" class=\"elementor elementor-7103 elementor-4283\" data-elementor-post-type=\"page\">\n\t\t\t\t\t\t<section class=\"elementor-section elementor-top-section elementor-element elementor-element-7db08969 elementor-section-boxed elementor-section-height-default elementor-section-height-default\" data-id=\"7db08969\" data-element_type=\"section\" data-e-type=\"section\" data-settings=\"{&quot;background_background&quot;:&quot;classic&quot;,&quot;jet_parallax_layout_list&quot;:[]}\">\n\t\t\t\t\t\t<div class=\"elementor-container elementor-column-gap-default\">\n\t\t\t\t\t<div class=\"elementor-column elementor-col-100 elementor-top-column elementor-element elementor-element-5b8a2b91\" data-id=\"5b8a2b91\" data-element_type=\"column\" data-e-type=\"column\" data-settings=\"{&quot;background_background&quot;:&quot;classic&quot;}\">\n\t\t\t<div class=\"elementor-widget-wrap elementor-element-populated\">\n\t\t\t\t\t\t\t<\/div>\n\t\t<\/div>\n\t\t\t\t\t<\/div>\n\t\t<\/section>\n\t\t\t\t<section class=\"elementor-section elementor-top-section elementor-element elementor-element-6930813 inner-second-section elementor-section-boxed elementor-section-height-default elementor-section-height-default\" data-id=\"6930813\" data-element_type=\"section\" data-e-type=\"section\" data-settings=\"{&quot;jet_parallax_layout_list&quot;:[]}\">\n\t\t\t\t\t\t<div class=\"elementor-container elementor-column-gap-default\">\n\t\t\t\t\t<div class=\"elementor-column elementor-col-100 elementor-top-column elementor-element elementor-element-42f2610\" data-id=\"42f2610\" data-element_type=\"column\" data-e-type=\"column\">\n\t\t\t<div class=\"elementor-widget-wrap elementor-element-populated\">\n\t\t\t\t\t\t<section class=\"elementor-section elementor-inner-section elementor-element elementor-element-e232154 elementor-section-boxed elementor-section-height-default elementor-section-height-default\" data-id=\"e232154\" data-element_type=\"section\" data-e-type=\"section\" data-settings=\"{&quot;jet_parallax_layout_list&quot;:[],&quot;background_background&quot;:&quot;classic&quot;}\">\n\t\t\t\t\t\t<div class=\"elementor-container elementor-column-gap-default\">\n\t\t\t\t\t<div class=\"elementor-column elementor-col-50 elementor-inner-column elementor-element elementor-element-316edda\" data-id=\"316edda\" data-element_type=\"column\" data-e-type=\"column\">\n\t\t\t<div class=\"elementor-widget-wrap elementor-element-populated\">\n\t\t\t\t\t\t<div class=\"elementor-element elementor-element-6753b9f elementor-widget elementor-widget-image\" data-id=\"6753b9f\" data-element_type=\"widget\" data-e-type=\"widget\" data-widget_type=\"image.default\">\n\t\t\t\t<div class=\"elementor-widget-container\">\n\t\t\t\t\t\t\t\t\t\t\t\t\t\t\t<img fetchpriority=\"high\" decoding=\"async\" width=\"864\" height=\"1080\" src=\"https:\/\/bakkerflowservices.com\/wp-content\/uploads\/2024\/08\/1.png\" class=\"attachment-full size-full wp-image-3594\" alt=\"\" srcset=\"https:\/\/bakkerflowservices.com\/wp-content\/uploads\/2024\/08\/1.png 864w, https:\/\/bakkerflowservices.com\/wp-content\/uploads\/2024\/08\/1-240x300.png 240w, https:\/\/bakkerflowservices.com\/wp-content\/uploads\/2024\/08\/1-819x1024.png 819w, https:\/\/bakkerflowservices.com\/wp-content\/uploads\/2024\/08\/1-768x960.png 768w\" sizes=\"(max-width: 864px) 100vw, 864px\" \/>\t\t\t\t\t\t\t\t\t\t\t\t\t\t\t<\/div>\n\t\t\t\t<\/div>\n\t\t\t\t\t<\/div>\n\t\t<\/div>\n\t\t\t\t<div class=\"elementor-column elementor-col-50 elementor-inner-column elementor-element elementor-element-fb64cd7\" data-id=\"fb64cd7\" data-element_type=\"column\" data-e-type=\"column\">\n\t\t\t<div class=\"elementor-widget-wrap elementor-element-populated\">\n\t\t\t\t\t\t<div class=\"elementor-element elementor-element-c75b5ce elementor-widget elementor-widget-heading\" data-id=\"c75b5ce\" data-element_type=\"widget\" data-e-type=\"widget\" data-widget_type=\"heading.default\">\n\t\t\t\t<div class=\"elementor-widget-container\">\n\t\t\t\t\t<h2 class=\"elementor-heading-title elementor-size-default\">Marc<\/h2>\t\t\t\t<\/div>\n\t\t\t\t<\/div>\n\t\t\t\t<div class=\"elementor-element elementor-element-da8ca3b elementor-widget elementor-widget-heading\" data-id=\"da8ca3b\" data-element_type=\"widget\" data-e-type=\"widget\" data-widget_type=\"heading.default\">\n\t\t\t\t<div class=\"elementor-widget-container\">\n\t\t\t\t\t<h4 class=\"elementor-heading-title elementor-size-default\">Verkauf Vermietung Unterst\u00fctzung<\/h4>\t\t\t\t<\/div>\n\t\t\t\t<\/div>\n\t\t\t\t<div class=\"elementor-element elementor-element-ca229a9 elementor-widget elementor-widget-text-editor\" data-id=\"ca229a9\" data-element_type=\"widget\" data-e-type=\"widget\" data-widget_type=\"text-editor.default\">\n\t\t\t\t<div class=\"elementor-widget-container\">\n\t\t\t\t\t\t\t\t\t<p data-pm-slice=\"1 1 []\">&#8220;Mein Name ist Marc und ich arbeite seit Februar 2014 bei Bakker Oilfield Supply. Ich begann meine Karriere in der Logistikabteilung und wechselte im Mai 2019 in die Vertriebsabteilung, in der ich mit viel Enthusiasmus als Sales und Rentals Support t\u00e4tig bin. <\/p>\n<\/p>\n<p>In meiner Funktion bin ich mit verschiedenen Aufgaben betraut, wie z.B. dem Verhindern von Ger\u00e4ten, dem Verhindern von Unterbrechungen bei der Arbeit und dem Verschl\u00fcsseln von Ger\u00e4ten und Reserven. Mein Arbeitstag beginnt meist um 7 Uhr mit einem Kaffee, wenn ich die eingehenden E-Mails f\u00fcr neue Nachrichten oder Reservierungsanfragen \u00f6ffne. Ich tue mein Bestes, um unseren Kunden so schnell wie m\u00f6glich eine passende Antwort zu geben. W\u00e4hrend des Tages gibt es viele Anfragen und ich bin mir sicher, dass jede Anfrage zufriedenstellend bearbeitet und verwertet wird. Nach einem angenommenen Angebot kann ich diese in eine Bestellung umwandeln und so einen Vorteil f\u00fcr unsere Logistikbranche schaffen. Wir sorgen daf\u00fcr, dass alles rechtzeitig fertig wird, um es zu verzinsen oder zu opfern. Auch auf den Retourprozess von Waren muss ich achten. Wenn die Logistikabteilung diese Aufgabe \u00fcbernimmt, kontrolliere ich die Daten und k\u00fcmmere mich um die Fakturierung, die ich dann an die Finanzabteilung weiterleite. Ich bin mit dem gesamten Prozess der Geldw\u00e4sche vertraut.       <\/p>\n<\/p>\n<p>Was meine Arbeit bei BOS so faszinierend macht, ist der st\u00e4ndige Austausch und die sch\u00f6nen Arbeitseins\u00e4tze. Ich arbeite zusammen mit anderen Kollegen und warte auf die Aktivit\u00e4ten, die durch unsere Personalentwicklung organisiert wurden. Ik ben trots om deel uit te maken van het team!&#8221;  <\/p>\n\t\t\t\t\t\t\t\t<\/div>\n\t\t\t\t<\/div>\n\t\t\t\t\t<\/div>\n\t\t<\/div>\n\t\t\t\t\t<\/div>\n\t\t<\/section>\n\t\t\t\t\t<\/div>\n\t\t<\/div>\n\t\t\t\t\t<\/div>\n\t\t<\/section>\n\t\t\t\t<\/div>\n\t\t","protected":false},"excerpt":{"rendered":"<p>Marc Verkauf Vermietung Unterst\u00fctzung &#8220;Mein Name ist Marc und ich arbeite seit Februar 2014 bei Bakker Oilfield Supply. Ich begann meine Karriere in der Logistikabteilung und wechselte im Mai 2019 in die Vertriebsabteilung, in der ich mit viel Enthusiasmus als Sales und Rentals Support t\u00e4tig bin. In meiner Funktion bin ich mit verschiedenen Aufgaben betraut, [&hellip;]<\/p>\n","protected":false},"author":1,"featured_media":6723,"parent":6906,"menu_order":0,"comment_status":"closed","ping_status":"closed","template":"elementor_header_footer","meta":{"_acf_changed":false,"inline_featured_image":false,"footnotes":""},"class_list":["post-7103","page","type-page","status-publish","has-post-thumbnail","hentry"],"acf":[],"_links":{"self":[{"href":"https:\/\/bakkerflowservices.com\/de\/wp-json\/wp\/v2\/pages\/7103","targetHints":{"allow":["GET"]}}],"collection":[{"href":"https:\/\/bakkerflowservices.com\/de\/wp-json\/wp\/v2\/pages"}],"about":[{"href":"https:\/\/bakkerflowservices.com\/de\/wp-json\/wp\/v2\/types\/page"}],"author":[{"embeddable":true,"href":"https:\/\/bakkerflowservices.com\/de\/wp-json\/wp\/v2\/users\/1"}],"replies":[{"embeddable":true,"href":"https:\/\/bakkerflowservices.com\/de\/wp-json\/wp\/v2\/comments?post=7103"}],"version-history":[{"count":4,"href":"https:\/\/bakkerflowservices.com\/de\/wp-json\/wp\/v2\/pages\/7103\/revisions"}],"predecessor-version":[{"id":7741,"href":"https:\/\/bakkerflowservices.com\/de\/wp-json\/wp\/v2\/pages\/7103\/revisions\/7741"}],"up":[{"embeddable":true,"href":"https:\/\/bakkerflowservices.com\/de\/wp-json\/wp\/v2\/pages\/6906"}],"wp:featuredmedia":[{"embeddable":true,"href":"https:\/\/bakkerflowservices.com\/de\/wp-json\/wp\/v2\/media\/6723"}],"wp:attachment":[{"href":"https:\/\/bakkerflowservices.com\/de\/wp-json\/wp\/v2\/media?parent=7103"}],"curies":[{"name":"wp","href":"https:\/\/api.w.org\/{rel}","templated":true}]}}