{"id":7110,"date":"2024-07-18T10:28:07","date_gmt":"2024-07-18T10:28:07","guid":{"rendered":"https:\/\/bakkeroilfieldsupply.nl\/datenschutz\/"},"modified":"2024-10-22T08:57:31","modified_gmt":"2024-10-22T08:57:31","slug":"datenschutz","status":"publish","type":"page","link":"https:\/\/bakkerflowservices.com\/de\/datenschutz\/","title":{"rendered":"Datenschutz"},"content":{"rendered":"\t\t<div data-elementor-type=\"wp-page\" data-elementor-id=\"7110\" class=\"elementor elementor-7110 elementor-2597\" data-elementor-post-type=\"page\">\n\t\t\t\t\t\t<section class=\"elementor-section elementor-top-section elementor-element elementor-element-468f81c3 elementor-section-boxed elementor-section-height-default elementor-section-height-default\" data-id=\"468f81c3\" data-element_type=\"section\" data-e-type=\"section\" data-settings=\"{&quot;background_background&quot;:&quot;classic&quot;,&quot;jet_parallax_layout_list&quot;:[]}\">\n\t\t\t\t\t\t<div class=\"elementor-container elementor-column-gap-default\">\n\t\t\t\t\t<div class=\"elementor-column elementor-col-100 elementor-top-column elementor-element elementor-element-450fbc26\" data-id=\"450fbc26\" data-element_type=\"column\" data-e-type=\"column\" data-settings=\"{&quot;background_background&quot;:&quot;classic&quot;}\">\n\t\t\t<div class=\"elementor-widget-wrap elementor-element-populated\">\n\t\t\t\t\t\t\t<\/div>\n\t\t<\/div>\n\t\t\t\t\t<\/div>\n\t\t<\/section>\n\t\t\t\t<section class=\"elementor-section elementor-top-section elementor-element elementor-element-4d7da2f inner-second-section elementor-section-boxed elementor-section-height-default elementor-section-height-default\" data-id=\"4d7da2f\" data-element_type=\"section\" data-e-type=\"section\" data-settings=\"{&quot;jet_parallax_layout_list&quot;:[]}\">\n\t\t\t\t\t\t<div class=\"elementor-container elementor-column-gap-default\">\n\t\t\t\t\t<div class=\"elementor-column elementor-col-100 elementor-top-column elementor-element elementor-element-fe0df2a\" data-id=\"fe0df2a\" data-element_type=\"column\" data-e-type=\"column\">\n\t\t\t<div class=\"elementor-widget-wrap elementor-element-populated\">\n\t\t\t\t\t\t<div class=\"elementor-element elementor-element-ea92bb5 elementor-widget elementor-widget-text-editor\" data-id=\"ea92bb5\" data-element_type=\"widget\" data-e-type=\"widget\" data-widget_type=\"text-editor.default\">\n\t\t\t\t<div class=\"elementor-widget-container\">\n\t\t\t\t\t\t\t\t\t<p><strong>Erhebung und Verwendung personenbezogener Daten von Kunden, Lieferanten und anderen Vertragspartnern<br \/><\/strong><\/p>\n<p>Wir m\u00f6chten Sie dar\u00fcber informieren, dass wir die personenbezogenen Daten, die Sie uns zur Verf\u00fcgung stellen, erheben und verwenden werden, weil sie notwendig sind, um einen m\u00f6glichen Vertrag mit Ihnen zu schlie\u00dfen und auszuf\u00fchren. Dies gilt sowohl f\u00fcr unsere (potenziellen) Kunden als auch f\u00fcr die Parteien, von denen wir Waren und\/oder Dienstleistungen kaufen. <\/p>\n<\/p>\n<p>Wenn Sie ein (potenzieller) Kunde von uns sind, verwenden wir Ihre Daten, um Ihnen ein Angebot zu unterbreiten, die Spezifikationen oder Anforderungen zu bestimmen, die eine bestimmte Ware oder Dienstleistung erf\u00fcllen muss, um Ihnen Waren zu liefern oder Dienstleistungen zu erbringen, um Ihnen Rechnungen zu stellen und um mit Ihnen zeitnah und effizient \u00fcber die Aspekte der Vertragsdurchf\u00fchrung zu kommunizieren.<\/p>\n<\/p>\n<p>Wenn Sie ein (potenzieller) Lieferant oder ein anderer Auftragnehmer sind, sind Ihre personenbezogenen Daten auch f\u00fcr den Abschluss und die Ausf\u00fchrung des Vertrags erforderlich. F\u00fcr die Beschaffung ist dies erforderlich, um Sie \u00fcber die Spezifikationen oder Anforderungen zu informieren, die eine bestimmte Ware oder Dienstleistung erf\u00fcllen muss, um Ihnen eine Anfrage f\u00fcr ein Angebot zu schicken oder um eine Bestellung bei Ihnen aufzugeben, Ihre Rechnungen zu bezahlen und um mit Ihnen \u00fcber andere Aspekte der Vereinbarung zeitnah und effizient zu kommunizieren. <\/p>\n<\/p>\n<p>Sie sind nicht verpflichtet, uns Ihre pers\u00f6nlichen Daten zur Verf\u00fcgung zu stellen. Wenn Sie uns jedoch keine ausreichenden personenbezogenen Daten zur Verf\u00fcgung stellen, kann es sein, dass wir nicht in der Lage sind, die oben genannten Aktivit\u00e4ten durchzuf\u00fchren. <\/p>\n<p><strong><br \/>\u00dcbertragung an Dritte<\/strong><\/p>\n<p>Im Zusammenhang mit der Ausf\u00fchrung eines m\u00f6glichen Vertrags mit Ihnen kann es erforderlich sein, dass wir Ihre personenbezogenen Daten an Parteien weitergeben, die uns Produkte und Dienstleistungen liefern oder Arbeiten in unserem Auftrag ausf\u00fchren. Wir nutzen auch externen Serverplatz f\u00fcr die Speicherung von (Teilen) unserer Verkaufs- und Einkaufsverwaltung, zu der auch Ihre personenbezogenen Daten geh\u00f6ren. Aus diesem Grund werden Ihre pers\u00f6nlichen Daten an unseren Serverplatzanbieter weitergegeben. Da wir einen Newsletter-Versanddienst nutzen, werden Ihre personenbezogenen Daten auch an den Anbieter dieses Dienstes \u00fcbermittelt.   <\/p>\n<p><strong><br \/>Direktmarketing<\/strong><\/p>\n<p>Im Zusammenhang mit der Ausf\u00fchrung eines m\u00f6glichen Vertrags mit Ihnen kann es erforderlich sein, dass wir Ihre personenbezogenen Daten an Parteien weitergeben, die uns Produkte und Dienstleistungen liefern oder Arbeiten in unserem Auftrag ausf\u00fchren. Wir nutzen auch externen Serverplatz f\u00fcr die Speicherung von (Teilen) unserer Verkaufs- und Einkaufsverwaltung, zu der auch Ihre personenbezogenen Daten geh\u00f6ren. Aus diesem Grund werden Ihre pers\u00f6nlichen Daten an unseren Serverplatzanbieter weitergegeben. Da wir einen Newsletter-Versanddienst nutzen, werden Ihre personenbezogenen Daten auch an den Anbieter dieses Dienstes \u00fcbermittelt.   <\/p>\n<p><strong><br \/>Aufbewahrungsfrist f\u00fcr pers\u00f6nliche Daten<\/strong><\/p>\n<p>Wenn Sie ein Angebot von uns angefordert haben, aber nicht Kunde geworden sind, werden wir Ihre Daten sp\u00e4testens 24 Monate nach unserem letzten Kontakt l\u00f6schen. Wenn wir ein Angebot von Ihnen erhalten haben, aber nicht Ihr Kunde geworden sind, werden wir Ihre pers\u00f6nlichen Daten sp\u00e4testens 24 Monate nach unserem letzten Kontakt l\u00f6schen. Wenn Sie Kunde geworden sind oder wenn wir Ihr Kunde geworden sind, bewahren wir Ihre personenbezogenen Daten f\u00fcr sieben Jahre nach dem Ende des Gesch\u00e4ftsjahres auf, in dem der Vertrag mit Ihnen vollst\u00e4ndig ausgef\u00fchrt wurde. Dieser Zeitraum von sieben Jahren entspricht dem Zeitraum, in dem wir verpflichtet sind, unsere Unterlagen f\u00fcr die Steuerbeh\u00f6rden aufzubewahren. Nach Ablauf dieses Zeitraums werden wir Ihre personenbezogenen Daten l\u00f6schen.    <br \/><strong><br \/>Erhebung und Verwendung pers\u00f6nlicher Daten von Bewerbern<\/strong><\/p>\n<p>Wir m\u00f6chten Sie dar\u00fcber informieren, dass wir die personenbezogenen Daten, die Sie uns zur Verf\u00fcgung stellen, erheben und verwenden werden, weil sie f\u00fcr das Bewerbungsverfahren erforderlich sind. Angesichts dieser Notwendigkeit sind Sie verpflichtet, uns die erforderlichen personenbezogenen Daten zur Verf\u00fcgung zu stellen. Wenn Sie uns nicht gen\u00fcgend personenbezogene Daten zur Verf\u00fcgung stellen, k\u00f6nnen wir m\u00f6glicherweise nicht mit dem Bewerbungsverfahren fortfahren.  <\/p>\n<\/p>\n<p>Wir verwenden Ihre Daten, um mit Ihnen \u00fcber den Fortgang des Bewerbungsverfahrens zu kommunizieren, um Ihre Eignung f\u00fcr eine offene Stelle zu beurteilen oder um diese zu besetzen. Wir l\u00f6schen Ihre Bewerbungsdaten sp\u00e4testens 4 Wochen nach Abschluss des Bewerbungsverfahrens, es sei denn, Sie haben uns schriftlich die Erlaubnis erteilt, Ihre Daten f\u00fcr maximal 1 Jahr aufzubewahren. <\/p>\n<p><strong><br \/>Ihre Rechte<\/strong><\/p>\n<p>Sie haben das Recht, von uns Zugang zu Ihren pers\u00f6nlichen Daten zu verlangen. Wenn es daf\u00fcr einen Grund gibt, k\u00f6nnen Sie auch verlangen, dass wir Ihre personenbezogenen Daten erg\u00e4nzen oder Ungenauigkeiten korrigieren. Au\u00dferdem haben Sie das Recht, die L\u00f6schung Ihrer personenbezogenen Daten zu verlangen oder die Verwendung Ihrer personenbezogenen Daten einzuschr\u00e4nken. Sie k\u00f6nnen auch Widerspruch gegen die Erhebung und Verwendung Ihrer Daten einlegen oder eine Beschwerde bei der Datenschutzbeh\u00f6rde einreichen. Schlie\u00dflich k\u00f6nnen Sie beantragen, Ihre pers\u00f6nlichen Daten zu erhalten oder diese Daten an eine andere Partei zu \u00fcbertragen.    <\/p>\n<\/p>\n<p>Um Ihre Rechte auszu\u00fcben, k\u00f6nnen Sie sich an uns wenden:<\/p>\n<\/p>\n<p>Bakker Oilfield Supply<\/p>\n<p>De Hulteweg 10, 7741LE, Coevorden<\/p>\n<p>+31 (0)524 599 555<\/p>\n<p>avg@bakkergroep.nl  <\/p>\n<\/p>\n<p>Sie k\u00f6nnen uns auch kontaktieren, wenn Sie Fragen haben oder weitere Informationen \u00fcber die Erfassung und Verwendung Ihrer pers\u00f6nlichen Daten w\u00fcnschen.<\/p>\n\t\t\t\t\t\t\t\t<\/div>\n\t\t\t\t<\/div>\n\t\t\t\t\t<\/div>\n\t\t<\/div>\n\t\t\t\t\t<\/div>\n\t\t<\/section>\n\t\t\t\t<\/div>\n\t\t","protected":false},"excerpt":{"rendered":"<p>Erhebung und Verwendung personenbezogener Daten von Kunden, Lieferanten und anderen Vertragspartnern Wir m\u00f6chten Sie dar\u00fcber informieren, dass wir die personenbezogenen Daten, die Sie uns zur Verf\u00fcgung stellen, erheben und verwenden werden, weil sie notwendig sind, um einen m\u00f6glichen Vertrag mit Ihnen zu schlie\u00dfen und auszuf\u00fchren. Dies gilt sowohl f\u00fcr unsere (potenziellen) Kunden als auch f\u00fcr [&hellip;]<\/p>\n","protected":false},"author":1,"featured_media":0,"parent":0,"menu_order":0,"comment_status":"closed","ping_status":"closed","template":"","meta":{"_acf_changed":false,"inline_featured_image":false,"footnotes":""},"class_list":["post-7110","page","type-page","status-publish","hentry"],"acf":[],"_links":{"self":[{"href":"https:\/\/bakkerflowservices.com\/de\/wp-json\/wp\/v2\/pages\/7110","targetHints":{"allow":["GET"]}}],"collection":[{"href":"https:\/\/bakkerflowservices.com\/de\/wp-json\/wp\/v2\/pages"}],"about":[{"href":"https:\/\/bakkerflowservices.com\/de\/wp-json\/wp\/v2\/types\/page"}],"author":[{"embeddable":true,"href":"https:\/\/bakkerflowservices.com\/de\/wp-json\/wp\/v2\/users\/1"}],"replies":[{"embeddable":true,"href":"https:\/\/bakkerflowservices.com\/de\/wp-json\/wp\/v2\/comments?post=7110"}],"version-history":[{"count":1,"href":"https:\/\/bakkerflowservices.com\/de\/wp-json\/wp\/v2\/pages\/7110\/revisions"}],"predecessor-version":[{"id":7112,"href":"https:\/\/bakkerflowservices.com\/de\/wp-json\/wp\/v2\/pages\/7110\/revisions\/7112"}],"wp:attachment":[{"href":"https:\/\/bakkerflowservices.com\/de\/wp-json\/wp\/v2\/media?parent=7110"}],"curies":[{"name":"wp","href":"https:\/\/api.w.org\/{rel}","templated":true}]}}