{"id":7127,"date":"2024-05-25T09:01:44","date_gmt":"2024-05-25T09:01:44","guid":{"rendered":"https:\/\/bakkeroilfieldsupply.nl\/bakker-gruppe-coevorden\/"},"modified":"2024-10-28T12:19:25","modified_gmt":"2024-10-28T12:19:25","slug":"bakker-gruppe-coevorden","status":"publish","type":"page","link":"https:\/\/bakkerflowservices.com\/de\/bakker-gruppe-coevorden\/","title":{"rendered":"Bakker Groep Coevorden"},"content":{"rendered":"\t\t<div data-elementor-type=\"wp-page\" data-elementor-id=\"7127\" class=\"elementor elementor-7127 elementor-2096\" data-elementor-post-type=\"page\">\n\t\t\t\t\t\t<section class=\"elementor-section elementor-top-section elementor-element elementor-element-2b62de5 elementor-section-full_width elementor-section-height-default elementor-section-height-default\" data-id=\"2b62de5\" data-element_type=\"section\" data-e-type=\"section\" data-settings=\"{&quot;jet_parallax_layout_list&quot;:[]}\">\n\t\t\t\t\t\t<div class=\"elementor-container elementor-column-gap-default\">\n\t\t\t\t\t<div class=\"elementor-column elementor-col-100 elementor-top-column elementor-element elementor-element-24736b9\" data-id=\"24736b9\" data-element_type=\"column\" data-e-type=\"column\">\n\t\t\t<div class=\"elementor-widget-wrap elementor-element-populated\">\n\t\t\t\t\t\t<div class=\"elementor-element elementor-element-96ad813 elementor-widget elementor-widget-shortcode\" data-id=\"96ad813\" data-element_type=\"widget\" data-e-type=\"widget\" data-widget_type=\"shortcode.default\">\n\t\t\t\t<div class=\"elementor-widget-container\">\n\t\t\t\t\t\t\t<div class=\"elementor-shortcode\">\t\t<div data-elementor-type=\"section\" data-elementor-id=\"7007\" class=\"elementor elementor-7007 elementor-1809\" data-elementor-post-type=\"elementor_library\">\n\t\t\t\t\t<section class=\"elementor-section elementor-top-section elementor-element elementor-element-75ac6bd main-page-banner elementor-section-boxed elementor-section-height-default elementor-section-height-default\" data-id=\"75ac6bd\" data-element_type=\"section\" data-e-type=\"section\" data-settings=\"{&quot;background_background&quot;:&quot;classic&quot;,&quot;jet_parallax_layout_list&quot;:[]}\">\n\t\t\t\t\t\t<div class=\"elementor-container elementor-column-gap-default\">\n\t\t\t\t\t<div class=\"elementor-column elementor-col-100 elementor-top-column elementor-element elementor-element-f813d39\" data-id=\"f813d39\" data-element_type=\"column\" data-e-type=\"column\" data-settings=\"{&quot;background_background&quot;:&quot;classic&quot;}\">\n\t\t\t<div class=\"elementor-widget-wrap elementor-element-populated\">\n\t\t\t\t\t\t\t<\/div>\n\t\t<\/div>\n\t\t\t\t\t<\/div>\n\t\t<\/section>\n\t\t\t\t<\/div>\n\t\t<\/div>\n\t\t\t\t\t\t<\/div>\n\t\t\t\t<\/div>\n\t\t\t\t\t<\/div>\n\t\t<\/div>\n\t\t\t\t\t<\/div>\n\t\t<\/section>\n\t\t\t\t<section class=\"elementor-section elementor-top-section elementor-element elementor-element-e1cbb9b inner-second-section elementor-section-boxed elementor-section-height-default elementor-section-height-default\" data-id=\"e1cbb9b\" data-element_type=\"section\" data-e-type=\"section\" data-settings=\"{&quot;jet_parallax_layout_list&quot;:[]}\">\n\t\t\t\t\t\t<div class=\"elementor-container elementor-column-gap-default\">\n\t\t\t\t\t<div class=\"elementor-column elementor-col-50 elementor-top-column elementor-element elementor-element-03be1db\" data-id=\"03be1db\" data-element_type=\"column\" data-e-type=\"column\">\n\t\t\t<div class=\"elementor-widget-wrap elementor-element-populated\">\n\t\t\t\t\t\t<div class=\"elementor-element elementor-element-09ff97d elementor-widget elementor-widget-image\" data-id=\"09ff97d\" data-element_type=\"widget\" data-e-type=\"widget\" data-widget_type=\"image.default\">\n\t\t\t\t<div class=\"elementor-widget-container\">\n\t\t\t\t\t\t\t\t\t\t\t\t\t\t\t<img fetchpriority=\"high\" decoding=\"async\" width=\"2560\" height=\"1810\" src=\"https:\/\/bakkerflowservices.com\/wp-content\/uploads\/2024\/08\/pand-bos-lucht-scaled.jpg\" class=\"attachment-full size-full wp-image-2921\" alt=\"Bakker Oilfield Supply\" srcset=\"https:\/\/bakkerflowservices.com\/wp-content\/uploads\/2024\/08\/pand-bos-lucht-scaled.jpg 2560w, https:\/\/bakkerflowservices.com\/wp-content\/uploads\/2024\/08\/pand-bos-lucht-300x212.jpg 300w, https:\/\/bakkerflowservices.com\/wp-content\/uploads\/2024\/08\/pand-bos-lucht-1024x724.jpg 1024w, https:\/\/bakkerflowservices.com\/wp-content\/uploads\/2024\/08\/pand-bos-lucht-768x543.jpg 768w, https:\/\/bakkerflowservices.com\/wp-content\/uploads\/2024\/08\/pand-bos-lucht-1536x1086.jpg 1536w, https:\/\/bakkerflowservices.com\/wp-content\/uploads\/2024\/08\/pand-bos-lucht-2048x1448.jpg 2048w\" sizes=\"(max-width: 2560px) 100vw, 2560px\" \/>\t\t\t\t\t\t\t\t\t\t\t\t\t\t\t<\/div>\n\t\t\t\t<\/div>\n\t\t\t\t\t<\/div>\n\t\t<\/div>\n\t\t\t\t<div class=\"elementor-column elementor-col-50 elementor-top-column elementor-element elementor-element-bc2e056\" data-id=\"bc2e056\" data-element_type=\"column\" data-e-type=\"column\">\n\t\t\t<div class=\"elementor-widget-wrap elementor-element-populated\">\n\t\t\t\t\t\t<div class=\"elementor-element elementor-element-d5f99ca elementor-widget elementor-widget-text-editor\" data-id=\"d5f99ca\" data-element_type=\"widget\" data-e-type=\"widget\" data-widget_type=\"text-editor.default\">\n\t\t\t\t<div class=\"elementor-widget-container\">\n\t\t\t\t\t\t\t\t\t<p>Bakker Oilfield Supply ist zusammen mit Bakker Coevorden und SCAVES Teil der Bakker Groep Coevorden. Aufgrund der \u00c4hnlichkeit der Branchen, in denen wir t\u00e4tig sind, verst\u00e4rken sich die Unternehmen gegenseitig, wenn es darum geht, Wissen zu teilen und die Entwicklung zu f\u00f6rdern, wovon letztendlich alle Beteiligten profitieren. <\/p>\n\t\t\t\t\t\t\t\t<\/div>\n\t\t\t\t<\/div>\n\t\t\t\t\t<\/div>\n\t\t<\/div>\n\t\t\t\t\t<\/div>\n\t\t<\/section>\n\t\t\t\t<\/div>\n\t\t","protected":false},"excerpt":{"rendered":"<p>Bakker Oilfield Supply ist zusammen mit Bakker Coevorden und SCAVES Teil der Bakker Groep Coevorden. Aufgrund der \u00c4hnlichkeit der Branchen, in denen wir t\u00e4tig sind, verst\u00e4rken sich die Unternehmen gegenseitig, wenn es darum geht, Wissen zu teilen und die Entwicklung zu f\u00f6rdern, wovon letztendlich alle Beteiligten profitieren.<\/p>\n","protected":false},"author":1,"featured_media":9623,"parent":0,"menu_order":0,"comment_status":"closed","ping_status":"closed","template":"elementor_header_footer","meta":{"_acf_changed":false,"inline_featured_image":false,"footnotes":""},"class_list":["post-7127","page","type-page","status-publish","has-post-thumbnail","hentry"],"acf":[],"_links":{"self":[{"href":"https:\/\/bakkerflowservices.com\/de\/wp-json\/wp\/v2\/pages\/7127","targetHints":{"allow":["GET"]}}],"collection":[{"href":"https:\/\/bakkerflowservices.com\/de\/wp-json\/wp\/v2\/pages"}],"about":[{"href":"https:\/\/bakkerflowservices.com\/de\/wp-json\/wp\/v2\/types\/page"}],"author":[{"embeddable":true,"href":"https:\/\/bakkerflowservices.com\/de\/wp-json\/wp\/v2\/users\/1"}],"replies":[{"embeddable":true,"href":"https:\/\/bakkerflowservices.com\/de\/wp-json\/wp\/v2\/comments?post=7127"}],"version-history":[{"count":2,"href":"https:\/\/bakkerflowservices.com\/de\/wp-json\/wp\/v2\/pages\/7127\/revisions"}],"predecessor-version":[{"id":7508,"href":"https:\/\/bakkerflowservices.com\/de\/wp-json\/wp\/v2\/pages\/7127\/revisions\/7508"}],"wp:featuredmedia":[{"embeddable":true,"href":"https:\/\/bakkerflowservices.com\/de\/wp-json\/wp\/v2\/media\/9623"}],"wp:attachment":[{"href":"https:\/\/bakkerflowservices.com\/de\/wp-json\/wp\/v2\/media?parent=7127"}],"curies":[{"name":"wp","href":"https:\/\/api.w.org\/{rel}","templated":true}]}}