{"id":7148,"date":"2024-05-25T06:03:36","date_gmt":"2024-05-25T06:03:36","guid":{"rendered":"https:\/\/bakkeroilfieldsupply.nl\/industriell\/pipeline-dienstleistungen\/"},"modified":"2024-11-07T08:09:18","modified_gmt":"2024-11-07T08:09:18","slug":"pipeline-dienstleistungen","status":"publish","type":"page","link":"https:\/\/bakkerflowservices.com\/de\/industriell\/pipeline-dienstleistungen\/","title":{"rendered":"Pipeline Dienstleistungen"},"content":{"rendered":"\t\t<div data-elementor-type=\"wp-page\" data-elementor-id=\"7148\" class=\"elementor elementor-7148 elementor-1989\" data-elementor-post-type=\"page\">\n\t\t\t\t\t\t<section class=\"elementor-section elementor-top-section elementor-element elementor-element-8e54325 elementor-section-full_width elementor-section-height-default elementor-section-height-default\" data-id=\"8e54325\" data-element_type=\"section\" data-e-type=\"section\" data-settings=\"{&quot;jet_parallax_layout_list&quot;:[]}\">\n\t\t\t\t\t\t<div class=\"elementor-container elementor-column-gap-default\">\n\t\t\t\t\t<div class=\"elementor-column elementor-col-100 elementor-top-column elementor-element elementor-element-5271576\" data-id=\"5271576\" data-element_type=\"column\" data-e-type=\"column\">\n\t\t\t<div class=\"elementor-widget-wrap elementor-element-populated\">\n\t\t\t\t\t\t<div class=\"elementor-element elementor-element-60f3ef8 elementor-widget elementor-widget-shortcode\" data-id=\"60f3ef8\" data-element_type=\"widget\" data-e-type=\"widget\" data-widget_type=\"shortcode.default\">\n\t\t\t\t<div class=\"elementor-widget-container\">\n\t\t\t\t\t\t\t<div class=\"elementor-shortcode\">\t\t<div data-elementor-type=\"section\" data-elementor-id=\"7007\" class=\"elementor elementor-7007 elementor-1809\" data-elementor-post-type=\"elementor_library\">\n\t\t\t\t\t<section class=\"elementor-section elementor-top-section elementor-element elementor-element-75ac6bd main-page-banner elementor-section-boxed elementor-section-height-default elementor-section-height-default\" data-id=\"75ac6bd\" data-element_type=\"section\" data-e-type=\"section\" data-settings=\"{&quot;background_background&quot;:&quot;classic&quot;,&quot;jet_parallax_layout_list&quot;:[]}\">\n\t\t\t\t\t\t<div class=\"elementor-container elementor-column-gap-default\">\n\t\t\t\t\t<div class=\"elementor-column elementor-col-100 elementor-top-column elementor-element elementor-element-f813d39\" data-id=\"f813d39\" data-element_type=\"column\" data-e-type=\"column\" data-settings=\"{&quot;background_background&quot;:&quot;classic&quot;}\">\n\t\t\t<div class=\"elementor-widget-wrap elementor-element-populated\">\n\t\t\t\t\t\t\t<\/div>\n\t\t<\/div>\n\t\t\t\t\t<\/div>\n\t\t<\/section>\n\t\t\t\t<\/div>\n\t\t<\/div>\n\t\t\t\t\t\t<\/div>\n\t\t\t\t<\/div>\n\t\t\t\t\t<\/div>\n\t\t<\/div>\n\t\t\t\t\t<\/div>\n\t\t<\/section>\n\t\t\t\t<section class=\"elementor-section elementor-top-section elementor-element elementor-element-b1b06c0 inner-second-section elementor-section-boxed elementor-section-height-default elementor-section-height-default\" data-id=\"b1b06c0\" data-element_type=\"section\" data-e-type=\"section\" data-settings=\"{&quot;jet_parallax_layout_list&quot;:[]}\">\n\t\t\t\t\t\t<div class=\"elementor-container elementor-column-gap-default\">\n\t\t\t\t\t<div class=\"elementor-column elementor-col-100 elementor-top-column elementor-element elementor-element-4f3f46e\" data-id=\"4f3f46e\" data-element_type=\"column\" data-e-type=\"column\">\n\t\t\t<div class=\"elementor-widget-wrap elementor-element-populated\">\n\t\t\t\t\t\t<div class=\"elementor-element elementor-element-c114772 elementor-widget elementor-widget-text-editor\" data-id=\"c114772\" data-element_type=\"widget\" data-e-type=\"widget\" data-widget_type=\"text-editor.default\">\n\t\t\t\t<div class=\"elementor-widget-container\">\n\t\t\t\t\t\t\t\t\t<p>Wir bieten umfassende Pipeline-Dienste f\u00fcr Industrieprojekte an und k\u00fcmmern uns um jeden Aspekt von Anfang bis Ende. Unsere Industrieprojekte k\u00f6nnen verschiedene Dienstleistungen umfassen, wie zum Beispiel: <\/p>\n<\/p>\n<ul>\n<li><span style=\"font-size: 11pt; background-color: transparent; color: black; font-family: var( --e-global-typography-text-font-family ), Sans-serif; font-weight: var( --e-global-typography-text-font-weight ); letter-spacing: var( --e-global-typography-text-letter-spacing );\">Gas\/Fl\u00fcssig-Trennung<\/span><\/li>\n<li><span lang=\"EN-US\" style=\"font-size: 11.0pt; mso-fareast-font-family: 'Times New Roman'; mso-ansi-language: EN-US;\">Filtration (Abfallwirtschaft)<\/span><\/li>\n<li><span lang=\"EN-US\" style=\"font-size: 11.0pt; mso-fareast-font-family: 'Times New Roman'; mso-ansi-language: EN-US;\">Automatische Druckkontrolle (Batch\/PLC)<\/span><\/li>\n<li><span lang=\"EN-US\" style=\"font-size: 11.0pt; mso-fareast-font-family: 'Times New Roman'; mso-ansi-language: EN-US;\">Pumpenservice f\u00fcr Fl\u00fcssigkeiten<\/span><\/li>\n<li><span lang=\"EN-US\" style=\"font-size: 11.0pt; mso-fareast-font-family: 'Times New Roman'; mso-ansi-language: EN-US;\">Abfackelservice \/ geschlossener Abfackelservice<\/span><\/li>\n<li><span lang=\"EN-US\" style=\"font-size: 11.0pt; mso-fareast-font-family: 'Times New Roman'; mso-ansi-language: EN-US;\">Unterst\u00fctzung beim Inspektionslauf<\/span><\/li>\n<li><span style=\"font-size: 11.0pt; mso-fareast-font-family: 'Times New Roman';\">Lagereinrichtung<\/span><\/li>\n<\/ul>\n<p data-pm-slice=\"1 1 []\">\n<p data-pm-slice=\"1 1 []\">Wir bieten Komplettl\u00f6sungen f\u00fcr Inline-Inspektionsprojekte, die eine effiziente Trennung von Gas und Fl\u00fcssigkeiten gew\u00e4hrleisten. W\u00e4hrend dieses Prozesses setzen wir eine speziell entwickelte Einrichtung ein, die den Gegendruck in der Pipeline aufrechterh\u00e4lt und so einen reibungslosen und zuverl\u00e4ssigen Betrieb gew\u00e4hrleistet. Dies wird durch vollautomatische Ventile und fortschrittliche Trennsysteme erreicht. W\u00e4hrend der gesamten Durchf\u00fchrung protokollieren wir alle Betriebsparameter und verwalten die Abf\u00e4lle effizient, um einen effektiven und umweltfreundlichen Prozess zu gew\u00e4hrleisten.     <\/p>\n\t\t\t\t\t\t\t\t<\/div>\n\t\t\t\t<\/div>\n\t\t\t\t\t<\/div>\n\t\t<\/div>\n\t\t\t\t\t<\/div>\n\t\t<\/section>\n\t\t\t\t<section class=\"elementor-section elementor-top-section elementor-element elementor-element-ce0fa90 elementor-section-boxed elementor-section-height-default elementor-section-height-default\" data-id=\"ce0fa90\" data-element_type=\"section\" data-e-type=\"section\" data-settings=\"{&quot;jet_parallax_layout_list&quot;:[],&quot;background_background&quot;:&quot;classic&quot;}\">\n\t\t\t\t\t\t<div class=\"elementor-container elementor-column-gap-default\">\n\t\t\t\t\t<div class=\"elementor-column elementor-col-100 elementor-top-column elementor-element elementor-element-b109d0f\" data-id=\"b109d0f\" data-element_type=\"column\" data-e-type=\"column\">\n\t\t\t<div class=\"elementor-widget-wrap elementor-element-populated\">\n\t\t\t\t\t\t<section class=\"elementor-section elementor-inner-section elementor-element elementor-element-4837f66 elementor-section-boxed elementor-section-height-default elementor-section-height-default\" data-id=\"4837f66\" data-element_type=\"section\" data-e-type=\"section\" data-settings=\"{&quot;jet_parallax_layout_list&quot;:[]}\">\n\t\t\t\t\t\t<div class=\"elementor-container elementor-column-gap-default\">\n\t\t\t\t\t<div class=\"elementor-column elementor-col-50 elementor-inner-column elementor-element elementor-element-70e43d1\" data-id=\"70e43d1\" data-element_type=\"column\" data-e-type=\"column\">\n\t\t\t<div class=\"elementor-widget-wrap elementor-element-populated\">\n\t\t\t\t\t\t<div class=\"elementor-element elementor-element-f3e8c59 elementor-widget elementor-widget-image\" data-id=\"f3e8c59\" data-element_type=\"widget\" data-e-type=\"widget\" data-widget_type=\"image.default\">\n\t\t\t\t<div class=\"elementor-widget-container\">\n\t\t\t\t\t\t\t\t\t\t\t\t\t\t\t<img fetchpriority=\"high\" decoding=\"async\" width=\"800\" height=\"480\" src=\"https:\/\/bakkerflowservices.com\/wp-content\/uploads\/2024\/09\/Degasser-Turkije1-1024x614.jpg\" class=\"attachment-large size-large wp-image-5922\" alt=\"Gas\/Liquid separation\" srcset=\"https:\/\/bakkerflowservices.com\/wp-content\/uploads\/2024\/09\/Degasser-Turkije1-1024x614.jpg 1024w, https:\/\/bakkerflowservices.com\/wp-content\/uploads\/2024\/09\/Degasser-Turkije1-300x180.jpg 300w, https:\/\/bakkerflowservices.com\/wp-content\/uploads\/2024\/09\/Degasser-Turkije1-768x461.jpg 768w, https:\/\/bakkerflowservices.com\/wp-content\/uploads\/2024\/09\/Degasser-Turkije1-1536x922.jpg 1536w, https:\/\/bakkerflowservices.com\/wp-content\/uploads\/2024\/09\/Degasser-Turkije1.jpg 1600w\" sizes=\"(max-width: 800px) 100vw, 800px\" \/>\t\t\t\t\t\t\t\t\t\t\t\t\t\t\t<\/div>\n\t\t\t\t<\/div>\n\t\t\t\t\t<\/div>\n\t\t<\/div>\n\t\t\t\t<div class=\"elementor-column elementor-col-50 elementor-inner-column elementor-element elementor-element-61ba1bc\" data-id=\"61ba1bc\" data-element_type=\"column\" data-e-type=\"column\">\n\t\t\t<div class=\"elementor-widget-wrap elementor-element-populated\">\n\t\t\t\t\t\t<div class=\"elementor-element elementor-element-eaecbcf elementor-widget elementor-widget-heading\" data-id=\"eaecbcf\" data-element_type=\"widget\" data-e-type=\"widget\" data-widget_type=\"heading.default\">\n\t\t\t\t<div class=\"elementor-widget-container\">\n\t\t\t\t\t<h2 class=\"elementor-heading-title elementor-size-default\">Gas\/Fl\u00fcssig-Trennung<\/h2>\t\t\t\t<\/div>\n\t\t\t\t<\/div>\n\t\t\t\t<div class=\"elementor-element elementor-element-1964d52 elementor-widget elementor-widget-text-editor\" data-id=\"1964d52\" data-element_type=\"widget\" data-e-type=\"widget\" data-widget_type=\"text-editor.default\">\n\t\t\t\t<div class=\"elementor-widget-container\">\n\t\t\t\t\t\t\t\t\t<p class=\"MsoNormal\"><span lang=\"EN-US\" style=\"font-size:11.0pt;color:black; mso-ansi-language:EN-US\">Mit unseren gro\u00dfvolumigen Fl\u00fcssigkeitsabscheidern, die speziell f\u00fcr die Trennung von Gas und Fl\u00fcssigkeit entwickelt wurden, k\u00f6nnen wir eine hochwertige und effiziente L\u00f6sung f\u00fcr die Reinigung von Pipelines und Molcharbeiten anbieten. Zusammen mit unseren vollautomatischen Ventilen und fortschrittlichen Trennsystemen k\u00f6nnen Sie unter sicheren und kontrollierten Bedingungen arbeiten. Unser geschultes und kompetentes Personal arbeitet nach einem hohen Sicherheits- und Qualit\u00e4tsstandard, um die bestm\u00f6gliche L\u00f6sung zu gew\u00e4hrleisten.  &nbsp;<o:p><\/o:p><\/span><\/p>\n\t\t\t\t\t\t\t\t<\/div>\n\t\t\t\t<\/div>\n\t\t\t\t\t<\/div>\n\t\t<\/div>\n\t\t\t\t\t<\/div>\n\t\t<\/section>\n\t\t\t\t\t<\/div>\n\t\t<\/div>\n\t\t\t\t\t<\/div>\n\t\t<\/section>\n\t\t\t\t<section class=\"elementor-section elementor-top-section elementor-element elementor-element-bc5a1d9 elementor-section-boxed elementor-section-height-default elementor-section-height-default\" data-id=\"bc5a1d9\" data-element_type=\"section\" data-e-type=\"section\" data-settings=\"{&quot;jet_parallax_layout_list&quot;:[]}\">\n\t\t\t\t\t\t<div class=\"elementor-container elementor-column-gap-default\">\n\t\t\t\t\t<div class=\"elementor-column elementor-col-100 elementor-top-column elementor-element elementor-element-db8922f\" data-id=\"db8922f\" data-element_type=\"column\" data-e-type=\"column\">\n\t\t\t<div class=\"elementor-widget-wrap elementor-element-populated\">\n\t\t\t\t\t\t<section class=\"elementor-section elementor-inner-section elementor-element elementor-element-b9b72fb elementor-reverse-mobile elementor-section-boxed elementor-section-height-default elementor-section-height-default\" data-id=\"b9b72fb\" data-element_type=\"section\" data-e-type=\"section\" data-settings=\"{&quot;jet_parallax_layout_list&quot;:[]}\">\n\t\t\t\t\t\t<div class=\"elementor-container elementor-column-gap-default\">\n\t\t\t\t\t<div class=\"elementor-column elementor-col-50 elementor-inner-column elementor-element elementor-element-fce0533\" data-id=\"fce0533\" data-element_type=\"column\" data-e-type=\"column\">\n\t\t\t<div class=\"elementor-widget-wrap elementor-element-populated\">\n\t\t\t\t\t\t<div class=\"elementor-element elementor-element-e31b5d4 elementor-widget elementor-widget-heading\" data-id=\"e31b5d4\" data-element_type=\"widget\" data-e-type=\"widget\" data-widget_type=\"heading.default\">\n\t\t\t\t<div class=\"elementor-widget-container\">\n\t\t\t\t\t<h2 class=\"elementor-heading-title elementor-size-default\">Abfackeln Dienstleistungen<\/h2>\t\t\t\t<\/div>\n\t\t\t\t<\/div>\n\t\t\t\t<div class=\"elementor-element elementor-element-93f2eb1 elementor-widget elementor-widget-text-editor\" data-id=\"93f2eb1\" data-element_type=\"widget\" data-e-type=\"widget\" data-widget_type=\"text-editor.default\">\n\t\t\t\t<div class=\"elementor-widget-container\">\n\t\t\t\t\t\t\t\t\t<p class=\"MsoNormal\"><span lang=\"EN-US\" style=\"font-size:11.0pt;color:black; mso-ansi-language:EN-US\">Mit unseren (mobilen) Abfackeldiensten k\u00f6nnen wir bei der Verbrennung von\n\u00fcbersch\u00fcssigem Gas w\u00e4hrend normaler Wartungsarbeiten oder Stillst\u00e4nden, aber auch in Notfallsituationen\nhelfen. Mit unserer auf einem Gestell montierten 4&#8243;-Einzelabfackel k\u00f6nnen wir sehr\nschnell handeln und Sie bei einem Notfall oder einer ungeplanten Situation unterst\u00fctzen.&nbsp; Mit unseren 6&#8243; und\n8&#8243; Fackeln k\u00f6nnen wir gro\u00dfe Mengen w\u00e4hrend Bohrlochtests oder Wartungsarbeiten abfackeln. Mit\nunseren Fackeln und unserem kompetenten, erfahrenen Personal arbeiten wir nach einem hohen\nSicherheits- und Qualit\u00e4tsstandard, um die bestm\u00f6gliche L\u00f6sung zu gew\u00e4hrleisten.  <o:p><\/o:p><\/span><\/p>\t\t\t\t\t\t\t\t<\/div>\n\t\t\t\t<\/div>\n\t\t\t\t\t<\/div>\n\t\t<\/div>\n\t\t\t\t<div class=\"elementor-column elementor-col-50 elementor-inner-column elementor-element elementor-element-afb8bbb\" data-id=\"afb8bbb\" data-element_type=\"column\" data-e-type=\"column\">\n\t\t\t<div class=\"elementor-widget-wrap elementor-element-populated\">\n\t\t\t\t\t\t<div class=\"elementor-element elementor-element-57b52cd elementor-widget elementor-widget-image\" data-id=\"57b52cd\" data-element_type=\"widget\" data-e-type=\"widget\" data-widget_type=\"image.default\">\n\t\t\t\t<div class=\"elementor-widget-container\">\n\t\t\t\t\t\t\t\t\t\t\t\t\t\t\t<img decoding=\"async\" width=\"800\" height=\"450\" src=\"https:\/\/bakkerflowservices.com\/wp-content\/uploads\/2024\/09\/DJI_0274-1024x576.jpg\" class=\"attachment-large size-large wp-image-5928\" alt=\"\" srcset=\"https:\/\/bakkerflowservices.com\/wp-content\/uploads\/2024\/09\/DJI_0274-1024x576.jpg 1024w, https:\/\/bakkerflowservices.com\/wp-content\/uploads\/2024\/09\/DJI_0274-300x169.jpg 300w, https:\/\/bakkerflowservices.com\/wp-content\/uploads\/2024\/09\/DJI_0274-768x432.jpg 768w, https:\/\/bakkerflowservices.com\/wp-content\/uploads\/2024\/09\/DJI_0274-1536x864.jpg 1536w, https:\/\/bakkerflowservices.com\/wp-content\/uploads\/2024\/09\/DJI_0274-2048x1152.jpg 2048w\" sizes=\"(max-width: 800px) 100vw, 800px\" \/>\t\t\t\t\t\t\t\t\t\t\t\t\t\t\t<\/div>\n\t\t\t\t<\/div>\n\t\t\t\t\t<\/div>\n\t\t<\/div>\n\t\t\t\t\t<\/div>\n\t\t<\/section>\n\t\t\t\t\t<\/div>\n\t\t<\/div>\n\t\t\t\t\t<\/div>\n\t\t<\/section>\n\t\t\t\t<section class=\"elementor-section elementor-top-section elementor-element elementor-element-d0992ca jha-global-bottom elementor-section-boxed elementor-section-height-default elementor-section-height-default\" data-id=\"d0992ca\" data-element_type=\"section\" data-e-type=\"section\" data-settings=\"{&quot;jet_parallax_layout_list&quot;:[]}\">\n\t\t\t\t\t\t<div class=\"elementor-container elementor-column-gap-default\">\n\t\t\t\t\t<div class=\"elementor-column elementor-col-100 elementor-top-column elementor-element elementor-element-606f695\" data-id=\"606f695\" data-element_type=\"column\" data-e-type=\"column\" data-settings=\"{&quot;background_background&quot;:&quot;classic&quot;}\">\n\t\t\t<div class=\"elementor-widget-wrap elementor-element-populated\">\n\t\t\t\t\t\t<div class=\"elementor-element elementor-element-7677cf8 elementor-widget elementor-widget-heading\" data-id=\"7677cf8\" data-element_type=\"widget\" data-e-type=\"widget\" data-widget_type=\"heading.default\">\n\t\t\t\t<div class=\"elementor-widget-container\">\n\t\t\t\t\t<h2 class=\"elementor-heading-title elementor-size-default\">Ausger\u00fcstet f\u00fcr L\u00f6sungen: Industrie<\/h2>\t\t\t\t<\/div>\n\t\t\t\t<\/div>\n\t\t\t\t<div class=\"elementor-element elementor-element-c5f2a5a elementor-widget__width-initial elementor-widget elementor-widget-text-editor\" data-id=\"c5f2a5a\" data-element_type=\"widget\" data-e-type=\"widget\" data-widget_type=\"text-editor.default\">\n\t\t\t\t<div class=\"elementor-widget-container\">\n\t\t\t\t\t\t\t\t\t<p>Verbessern Sie Ihre Projekte mit Bakker Oilfield Supply, dem Partner f\u00fcr hochwertige Produkte und Dienstleistungen in den Bereichen nachhaltige Energie sowie \u00d6l- und Gasindustrie.<\/p>\n\t\t\t\t\t\t\t\t<\/div>\n\t\t\t\t<\/div>\n\t\t\t\t<div class=\"elementor-element elementor-element-1eea4b5 elementor-align-center common-btn elementor-widget elementor-widget-button\" data-id=\"1eea4b5\" data-element_type=\"widget\" data-e-type=\"widget\" data-widget_type=\"button.default\">\n\t\t\t\t<div class=\"elementor-widget-container\">\n\t\t\t\t\t\t\t\t\t<div class=\"elementor-button-wrapper\">\n\t\t\t\t\t<a class=\"elementor-button elementor-button-link elementor-size-sm\" href=\"https:\/\/bakkerflowservices.com\/de\/kontakt\/\">\n\t\t\t\t\t\t<span class=\"elementor-button-content-wrapper\">\n\t\t\t\t\t\t\t\t\t<span class=\"elementor-button-text\">Kontakt aufnehmen<\/span>\n\t\t\t\t\t<\/span>\n\t\t\t\t\t<\/a>\n\t\t\t\t<\/div>\n\t\t\t\t\t\t\t\t<\/div>\n\t\t\t\t<\/div>\n\t\t\t\t\t<\/div>\n\t\t<\/div>\n\t\t\t\t\t<\/div>\n\t\t<\/section>\n\t\t\t\t<\/div>\n\t\t","protected":false},"excerpt":{"rendered":"<p>Wir bieten umfassende Pipeline-Dienste f\u00fcr Industrieprojekte an und k\u00fcmmern uns um jeden Aspekt von Anfang bis Ende. Unsere Industrieprojekte k\u00f6nnen verschiedene Dienstleistungen umfassen, wie zum Beispiel: Gas\/Fl\u00fcssig-Trennung Filtration (Abfallwirtschaft) Automatische Druckkontrolle (Batch\/PLC) Pumpenservice f\u00fcr Fl\u00fcssigkeiten Abfackelservice \/ geschlossener Abfackelservice Unterst\u00fctzung beim Inspektionslauf Lagereinrichtung Wir bieten Komplettl\u00f6sungen f\u00fcr Inline-Inspektionsprojekte, die eine effiziente Trennung von Gas und [&hellip;]<\/p>\n","protected":false},"author":1,"featured_media":9377,"parent":6913,"menu_order":0,"comment_status":"closed","ping_status":"closed","template":"elementor_header_footer","meta":{"_acf_changed":false,"inline_featured_image":false,"footnotes":""},"class_list":["post-7148","page","type-page","status-publish","has-post-thumbnail","hentry"],"acf":[],"_links":{"self":[{"href":"https:\/\/bakkerflowservices.com\/de\/wp-json\/wp\/v2\/pages\/7148","targetHints":{"allow":["GET"]}}],"collection":[{"href":"https:\/\/bakkerflowservices.com\/de\/wp-json\/wp\/v2\/pages"}],"about":[{"href":"https:\/\/bakkerflowservices.com\/de\/wp-json\/wp\/v2\/types\/page"}],"author":[{"embeddable":true,"href":"https:\/\/bakkerflowservices.com\/de\/wp-json\/wp\/v2\/users\/1"}],"replies":[{"embeddable":true,"href":"https:\/\/bakkerflowservices.com\/de\/wp-json\/wp\/v2\/comments?post=7148"}],"version-history":[{"count":1,"href":"https:\/\/bakkerflowservices.com\/de\/wp-json\/wp\/v2\/pages\/7148\/revisions"}],"predecessor-version":[{"id":7150,"href":"https:\/\/bakkerflowservices.com\/de\/wp-json\/wp\/v2\/pages\/7148\/revisions\/7150"}],"up":[{"embeddable":true,"href":"https:\/\/bakkerflowservices.com\/de\/wp-json\/wp\/v2\/pages\/6913"}],"wp:featuredmedia":[{"embeddable":true,"href":"https:\/\/bakkerflowservices.com\/de\/wp-json\/wp\/v2\/media\/9377"}],"wp:attachment":[{"href":"https:\/\/bakkerflowservices.com\/de\/wp-json\/wp\/v2\/media?parent=7148"}],"curies":[{"name":"wp","href":"https:\/\/api.w.org\/{rel}","templated":true}]}}